{"id":381,"date":"2025-03-13T17:34:19","date_gmt":"2025-03-13T17:34:19","guid":{"rendered":"https:\/\/www.skinful.ee\/about\/"},"modified":"2025-03-20T09:01:16","modified_gmt":"2025-03-20T09:01:16","slug":"about","status":"publish","type":"page","link":"https:\/\/www.skinful.ee\/?page_id=381","title":{"rendered":"About"},"content":{"rendered":"\t\t<div data-elementor-type=\"wp-page\" data-elementor-id=\"381\" class=\"elementor elementor-381\">\n\t\t\t\t<div class=\"elementor-element elementor-element-a4e0746 e-flex e-con-boxed e-con e-parent\" data-id=\"a4e0746\" data-element_type=\"container\">\n\t\t\t\t\t<div class=\"e-con-inner\">\n\t\t\t\t\t<\/div>\n\t\t\t\t<\/div>\n\t\t<div class=\"elementor-element elementor-element-8af4866 e-flex e-con-boxed e-con e-parent\" data-id=\"8af4866\" data-element_type=\"container\">\n\t\t\t\t\t<div class=\"e-con-inner\">\n\t\t\t\t\t<\/div>\n\t\t\t\t<\/div>\n\t\t<div class=\"elementor-element elementor-element-60ae217 e-flex e-con-boxed e-con e-parent\" data-id=\"60ae217\" data-element_type=\"container\">\n\t\t\t\t\t<div class=\"e-con-inner\">\n\t\t\t\t\t<\/div>\n\t\t\t\t<\/div>\n\t\t<div class=\"elementor-element elementor-element-b1962ea e-flex e-con-boxed e-con e-parent\" data-id=\"b1962ea\" data-element_type=\"container\">\n\t\t\t\t\t<div class=\"e-con-inner\">\n\t\t\t\t\t<\/div>\n\t\t\t\t<\/div>\n\t\t<div class=\"elementor-element elementor-element-a2c0928 e-flex e-con-boxed e-con e-parent\" data-id=\"a2c0928\" data-element_type=\"container\" data-settings=\"{&quot;background_background&quot;:&quot;classic&quot;}\">\n\t\t\t\t\t<div class=\"e-con-inner\">\n\t\t<div class=\"elementor-element elementor-element-6f9c032 e-con-full e-flex e-con e-child\" data-id=\"6f9c032\" data-element_type=\"container\">\n\t\t<div class=\"elementor-element elementor-element-1a53c5a e-flex e-con-boxed e-con e-child\" data-id=\"1a53c5a\" data-element_type=\"container\">\n\t\t\t\t\t<div class=\"e-con-inner\">\n\t\t<div class=\"elementor-element elementor-element-30e6b9a e-con-full e-flex e-con e-child\" data-id=\"30e6b9a\" data-element_type=\"container\">\n\t\t\t\t<\/div>\n\t\t<div class=\"elementor-element elementor-element-9f653ec e-con-full e-flex e-con e-child\" data-id=\"9f653ec\" data-element_type=\"container\">\n\t\t\t\t<div class=\"elementor-element elementor-element-09d0e61 elementor-widget elementor-widget-text-editor\" data-id=\"09d0e61\" data-element_type=\"widget\" data-widget_type=\"text-editor.default\">\n\t\t\t\t<div class=\"elementor-widget-container\">\n\t\t\t\t\t\t\t\t\t<h4 style=\"text-align: center;\"><strong>M\u00fc\u00fcgitingimused<\/strong><\/h4><p style=\"text-align: center;\">Veebipoe Skinful omanik on Skinful O\u00dc (registrikood 17162114), asukohaga Tartu linn, Eesti.<\/p><h4>\u00a0<\/h4><h4 style=\"text-align: center;\"><strong>M\u00fc\u00fcgilepingu kehtivus, kauba- ja hinnainfo<\/strong><\/h4><p style=\"text-align: center;\">M\u00fc\u00fcgitingimused kehtivad Veebipoest kaupade ostmisel. Veebipoes m\u00fc\u00fcdavate toodete hinnad on m\u00e4rgitud toodete juurde. Hinnale lisandub tasu kauba k\u00e4ttetoimetamise eest. K\u00f5ik veebipoes m\u00fc\u00fcdavate kaupade hinnad on eurodes. Kauba k\u00e4ttetoimetamise tasu s\u00f5ltub ostja asukohast ning k\u00e4ttetoimetamise viisist. K\u00e4ttetoimetamise tasu kuvatakse ostjale tellimuse vormistamisel. Teave kauba kohta on esitatud Veebipoes vahetult kauba juures.<\/p><h4 style=\"text-align: center;\"><strong><br \/>Tellimuse vormistamine<\/strong><\/h4><p style=\"text-align: center;\"><span style=\"font-size: 16px; -webkit-text-size-adjust: 100%;\">Kauba tellimiseks tuleb lisada soovitud tooted ostukorvi. Tellimuse vormistamiseks tuleb t\u00e4ita n\u00f5utud andmev\u00e4ljad ning valida sobiv toodete kohaletoimetamise viis. Seej\u00e4rel kuvatakse ekraanile tasu suurus, mille saab tasuda turvaliselt l\u00e4bi j\u00e4rgnevate makseviiside: <\/span><span style=\"font-style: inherit; -webkit-text-size-adjust: 100%;\">Eesti pangamaksed: Swedbank, SEB, Luminor, LHV, Coop Pank, Citadele.<\/span><\/p><p><span style=\"font-style: inherit; -webkit-text-size-adjust: 100%;\">\u00a0<\/span><\/p><p style=\"text-align: center;\">Makseid vahendab Montonio Finance UAB. Tasumine toimub v\u00e4ljaspool Veebipoodi turvalises keskkonnas \u2013 maksete algatamise teenusega tasumisel vastava panga turvalises keskkonnas ja krediitkaardiga tasumisel Montonio Finance UAB turvalises keskkonnas. M\u00fc\u00fcjal puudub ligip\u00e4\u00e4s kliendi panga ja krediitkaardi andmetele. Leping j\u00f5ustub alates tasumisele kuuluva summa laekumisest Veebipoe arvelduskontole.\u00a0<\/p><p><span style=\"font-style: inherit; -webkit-text-size-adjust: 100%;\">\u00a0<\/span><\/p><p style=\"text-align: center;\"><span style=\"font-style: inherit; -webkit-text-size-adjust: 100%;\">NB! Pangalingiga tasumisel vajutada kindlasti panga lehel nupule \u201eTagasi kaupmehe juurde\u201c.<\/span><\/p><h4>\u00a0<\/h4><h4 style=\"text-align: center;\"><strong>Otseturustus ja isikuandmete t\u00f6\u00f6tlemine<\/strong><\/h4><p style=\"text-align: center;\">Veebipood kasutab ostja poolt sisestatud isikuandmeid ainult tellimuse t\u00f6\u00f6tlemiseks ning kauba ostjale saatmiseks. Veebipood edastab isikuandmeid veoteenust pakkuvale ettev\u00f5tetele selleks, et kohale toimetada kaupa. Veebipood saadab ostjale uudiskirju ning pakkumisi ostja e-maili aadressile ainult juhul, kui ostja on selleks avaldanud soovi sisestades veebilehel e-kirja aadressi ning andnud teada oma soovist otsepostituse teadete saamiseks. Ostjal on igal ajal v\u00f5imalik loobuda e-postile saadetavatest pakkumistest ja uudiskirjadest andes sellest meile teada e-kirja teel v\u00f5i j\u00e4rgides pakkumisi sisaldava e-kirjas toodud juhiseid.<\/p><h4>\u00a0<\/h4><h4 class=\"p2\" style=\"text-align: center;\"><strong><span class=\"s2\">Kohaletoimetamine<\/span><\/strong><\/h4><p class=\"p2\" style=\"text-align: center;\"><span class=\"s1\">K\u00f5ik Skinful.ee e-poes saadaval olevad tooted on kohe olemas ja neid saab tellida vaid Eesti siseselt. Saadetised j\u00f5uavad kliendile Smartpost ja Omniva vahendusel ostja m\u00e4\u00e4ratud sihtpunkti 3-5 t\u00f6\u00f6p\u00e4eva jooksul, alates nende postitamisest.\u00a0<\/span><span style=\"font-style: inherit; -webkit-text-size-adjust: 100%;\">K\u00f5ik kauba saatmiskulud, kannab ostja vastava hinnakirja alusel kui ei ole m\u00e4rgitud teisiti.\u00a0<\/span><\/p><p class=\"p2\"><span class=\"s1\">\u00a0<\/span><\/p><p class=\"p2\"><span class=\"s1\">\u00a0<\/span><\/p><h4 class=\"p1\" style=\"text-align: center;\"><strong><span class=\"s1\">Taganemis\u00f5igus<\/span><\/strong><\/h4><p class=\"p1\" style=\"text-align: center;\"><span class=\"s2\">P\u00e4rast tellimuse k\u00e4ttesaamist on kliendil \u00f5igus tootest v\u00f5i toodetest taganeda 14 p\u00e4eva jooksul, alates tellimuse k\u00e4ttesaamise hetkest. Kaubast taganemine ei ole v\u00f5imalik peale selle kasutamist v\u00f5i kui toote olemus ei v\u00f5imalda selle kasutust kindlaks m\u00e4\u00e4rata. 14 p\u00e4evase tagastus\u00f5iguse kasutamiseks, ei tohi toodet kasutada muul viisil kui on vajalik kauba olemuse, omaduste ja toimimise veendumiseks viisil nagu seda on lubatud kauba testimiseks f\u00fc\u00fcsilises poes. Tooteid mille pakend on kinnitatud kleebisega ei ole lubatud nende avamise hetkel tagastada kuna h\u00fcgieenilistel p\u00f5hjustel ei ole v\u00f5imalik juba avatud toodet uuesti e-poes turustada. Tagastatav kaup peab olema kasutamata, kahjustamata ja originaal pakendis. Kauba tagastamiskulud kannab klient, v\u00e4lja arvatud juhul kui tagastamise p\u00f5hjuseks on praakkaup v\u00f5i tellimusele mitte vastav toode. Kauba tagastamiseks peab klient oma tagastamissoovist teada andma 14 p\u00e4eva jooksul p\u00e4rast kauba k\u00e4ttesaamist v\u00f5ttes meiega \u00fchendust info@skinful.ee<\/span><\/p><p class=\"p1\"><span class=\"s2\">Raha tagastatud kauba eest h\u00fcvitatakse kliendile peale toote saabumist lattu koheselt, kuid mitte hiljem kui 14 p\u00e4eva m\u00f6\u00f6dumisel. Kohaletoimetamis kulud ei kuulu tagastamisele.<\/span><\/p><p class=\"p1\"><span class=\"s2\">\u00a0<\/span><\/p><p class=\"p1\"><span class=\"s2\">\u00a0<\/span><\/p><h4 class=\"p1\"><strong><span class=\"s1\">Pretensiooni esitamise \u00f5igus<\/span><\/strong><\/h4><p class=\"p1\"><span class=\"s2\">Skinful.ee vastutab ostjale m\u00fc\u00fcdud kauba lepingutingimustele mittevastavuse v\u00f5i puuduse eest, mis oli olemas juba asja \u00fcleandmise hetkel ning mis ilmneb kuni kahe aasta jooksul, alates kauba \u00fcleandmisest ostjale. Sellest 1 aasta jooksul alates asja \u00fcleandmisest ostjale eeldatakse, et puudus oli olemas juba asja \u00fcleandmise ajal.<\/span><\/p><p class=\"p1\"><span class=\"s2\">\u00a0<\/span><\/p><p class=\"p1\"><span class=\"s2\">M\u00fc\u00fcja ei vastuta kahju eest mis on tekkinud toote mitten\u00f5uetekohase hoiustamise tulemusena, ostja s\u00fc\u00fcl toote halvenemise\/kahjustumise eest, puuduste eest mis on tekkinud toote mittesihip\u00e4rase kasutamise tagaj\u00e4rjel v\u00f5i toote normaalse f\u00fc\u00fcsilise kulumise eest tavalise kasutamise korral.<\/span><\/p><p class=\"p1\"><span class=\"s2\">\u00a0<\/span><\/p><p class=\"p1\"><span class=\"s2\">Toote n\u00f5uetele mittevastavuse v\u00f5i toote puuduste avastamisel on ostja kohustus m\u00fc\u00fcjat teavitada e-posti teel esimesel v\u00f5imalusel, kuid mitte hiljem kui kahe kuu jooksul alates toode puudmise avastamisest. Toote n\u00f5uetele mittevastavuse v\u00f5i puuduse korral on ostjal \u00f5igus n\u00f5uda toote asendamist uue toote vastu v\u00f5i taganeda tellimusest ja tagastada n\u00f5uetele mittevastav toode m\u00fc\u00fcja kulul. N\u00f5uetele mittevastava toote tagastamise korral kantakse toote eest tasutud summa koos transpordikuluga ostja poolt m\u00e4\u00e4ratud pangakontole hiljemalt 14 p\u00e4eva jooksul alates tagastatud toote k\u00e4ttesaamise ja kontrollimise hetkest.<\/span><\/p><p class=\"p1\"><span class=\"s2\">\u00a0<\/span><\/p><p class=\"p1\"><span class=\"s2\">\u00a0<\/span><\/p><h4 class=\"p1\"><strong>Isikuandmete t\u00f6\u00f6tlemine<\/strong><span style=\"font-size: 15px; font-style: inherit; color: #000000; font-family: Raleway, sans-serif; -webkit-text-size-adjust: 100%;\">\u00a0<\/span><\/h4><div>Veebipoe www.skinful.ee isikuandmete vastutav t\u00f6\u00f6tleja on Skinful O\u00dc (registrikood 17162114) asukohaga Tartu linn, Eesti, e-mail info@skinful.ee<\/div><div>\u00a0<\/div><div><span style=\"font-size: 15px; font-style: inherit; color: #000000; font-family: Raleway, sans-serif; -webkit-text-size-adjust: 100%;\">\u00a0<\/span><\/div><h4 style=\"font-style: normal;\"><b>Milliseid isikuandmeid t\u00f6\u00f6deldakse<\/b><\/h4><p style=\"font-size: 15px; font-style: normal;\">\u2212 nimi, telefoninumber ja e-posti aadress;<br \/>\u2212 pangakonto number<br \/>\u2212 kaupade ja teenuste maksumus ja maksetega seotud andmed (ostuajalugu)<br \/>Skinful O\u00dc on isikuandmete vastutav t\u00f6\u00f6tleja, Skinful O\u00dc edastab maksete teostamiseks vajalikud isikuandmed volitatud t\u00f6\u00f6tleja Montonio Finance UAB-le.<\/p><p>\u00a0<\/p><h4 style=\"font-style: normal;\"><b>Mis eesm\u00e4rgil isikuandmeid t\u00f6\u00f6deldakse<\/b><\/h4><p style=\"font-size: 15px; font-style: normal;\">Isikuandmeid kasutatakse kliendi tellimuste haldamiseks ja kauba kohaletoimetamiseks.<br \/>Ostuajaloo andmeid (ostu kuup\u00e4ev, kaup, kogus) kasutatakse ostetud kaupade ja teenuste \u00fclevaate koostamiseks ning kliendieelistuste anal\u00fc\u00fcsimiseks. Pangakonto numbrit kasutatakse kliendile maksete tagastamiseks. Isikuandmeid nagu e-post, telefoni nr, kliendi nimi, t\u00f6\u00f6deldakse selleks, et lahendada kaupade ja teenuste osutamise seonduvaid k\u00fcsimusi. Veebipoe kasutaja IP-aadressi v\u00f5i teisi v\u00f5rguidentifikaatoreid t\u00f6\u00f6deldakse veebipoe kui info\u00fchiskonna teenuse osutamiseks ning veebikasutusstatistika tegemiseks.<\/p><h4>\u00a0<\/h4><h4 style=\"font-style: normal;\"><b>\u00d5iguslik alus<\/b><\/h4><p style=\"font-size: 15px; font-style: normal;\">Isikuandmete t\u00f6\u00f6tlemine toimub kliendiga s\u00f5lmitud lepingu t\u00e4itmise eesm\u00e4rgil.<br \/>Isikuandmete t\u00f6\u00f6tlemine toimub juriidilise kohustuse t\u00e4itmiseks (nt raamatupidamine ja tarbijavaidluste lahendamine).<\/p><p>\u00a0<\/p><h4 style=\"font-style: normal;\"><b>Vastuv\u00f5tjad, kellele isikuandmed edastatakse<\/b><\/h4><p style=\"font-size: 15px; font-style: normal;\">Nimi, telefoninumber ja e-posti aadress edastatakse kliendi poolt valitud transporditeenuse pakkujale.<br \/>Kui veebipoe raamatupidamine toimub teenusepakkuja poolt, siis edastatakse isikuandmed teenusepakkujale raamatupidamistoimingute tegemiseks. Isikuandmeid v\u00f5idakse edastada infotehnoloogia teenuste pakkujatele, kui see on vajalik veebipoe funktsionaalsuse v\u00f5i andmemajutuse tagamiseks.<\/p><p>\u00a0<\/p><h4 style=\"font-style: normal;\"><b>Turvalisus ja andmetele ligip\u00e4\u00e4s<\/b><\/h4><p style=\"font-size: 15px; font-style: normal;\">Volitatud t\u00f6\u00f6tleja<\/p><p style=\"font-size: 15px; font-style: normal;\">(https:\/\/www.veebimajutus.ee\/storage\/kliendiandmete_tootlemise_pohimottedc733baec2f.pdf) on kohustatud tagama isikuandmete t\u00f6\u00f6tlemisel asjakohased kaitsemeetmed.<\/p><p>\u00a0<\/p><h4 style=\"font-style: normal;\"><b>N\u00f5usoleku tagasiv\u00f5tmine<\/b><\/h4><p style=\"font-size: 15px; font-style: normal;\">Kui isikuandmete t\u00f6\u00f6tlemine toimub kliendi n\u00f5usoleku alusel, siis on kliendil \u00f5igus n\u00f5usolek tagasi v\u00f5tta teavitades sellest Skinful e-poe kliendituge e-posti teel. Vastav avaldus tuleb saata e-kirjana aadressile info@skinful.ee<\/p><p>\u00a0<\/p><h4 style=\"font-style: normal;\"><b>S\u00e4ilitamine<\/b><\/h4><p style=\"font-size: 15px; font-style: normal;\">Skinful s\u00e4ilitab isikuandmeid nii kaua, kuni see on eesm\u00e4rgi t\u00e4itmiseks v\u00f5i seadusest tulenevalt vajalik. N\u00e4iteks raamatupidamisandmeid s\u00e4ilitatakse 7 aastat majandusaasta l\u00f5ppemisest v\u00f5i seni, kuni kasutaja avaldab ise soovi andmete eemaldamiseks.<\/p><p class=\"p1\"><span class=\"s2\">\u00a0<\/span><\/p><h4 id=\"kasutaja-oigused\" class=\"wp-block-heading\"><strong>Kasutaja \u00f5igused<\/strong><\/h4><p>Kasutajal on \u00f5igus igal ajal:<br \/>\u2022 avaldada soovi juurdep\u00e4\u00e4suks enda andmetele;<br \/>\u2022 n\u00f5uda isikuandmete parandamist, t\u00e4iendamist v\u00f5i seaduses etten\u00e4htud tingimustel kustutamist;<br \/>\u2022 n\u00f5uda isikuandmete t\u00f6\u00f6tlemise piiramist;<br \/>\u2022 n\u00f5uda isikuandmete \u00fclekandmist.<\/p><p>Oma \u00f5iguste kasutamiseks tuleb kasutajal saata e-posti aadressile info@skinful.ee vastavasisuline sooviavaldus. K\u00fcpsiste kasutamise piiramiseks saab kasutaja teha vastavad valikud oma veebilehitseja seadete alt. Kui Kasutaja usub, et tema \u00f5igusi on isikuandmete t\u00f6\u00f6tlemisel rikutud, on tal \u00f5igus p\u00f6\u00f6rduda Andmekaitse Inspektsiooni poole.<\/p><p>\u00a0<\/p><h4 id=\"kupsised\" class=\"wp-block-heading\"><strong>K\u00fcpsised<\/strong><\/h4><p>K\u00fcpsised (Cookies) on tekstifail, mis salvestatakse kasutaja arvutisse ning mis m\u00e4letavad informatsiooni, mida kasutaja kodulehel on sisestanud. Koduleht kasutab K\u00fcpsiseid eesm\u00e4rgiga anal\u00fc\u00fcsida kodulehel toimuvat liiklust ja suurendada seel\u00e4bi kodulehe kasutajamugavust tulevikus.<\/p><p class=\"p1\"><span class=\"s2\">\u00a0<\/span><\/p><p class=\"p1\"><span class=\"s2\">\u00a0<\/span><\/p>\t\t\t\t\t\t\t\t<\/div>\n\t\t\t\t<\/div>\n\t\t\t\t<\/div>\n\t\t\t\t\t<\/div>\n\t\t\t\t<\/div>\n\t\t<div class=\"elementor-element elementor-element-b3d0f7d e-flex e-con-boxed e-con e-child\" data-id=\"b3d0f7d\" data-element_type=\"container\">\n\t\t\t\t\t<div class=\"e-con-inner\">\n\t\t\t\t\t<\/div>\n\t\t\t\t<\/div>\n\t\t\t\t<\/div>\n\t\t\t\t\t<\/div>\n\t\t\t\t<\/div>\n\t\t\t\t<\/div>\n\t\t","protected":false},"excerpt":{"rendered":"<p>M\u00fc\u00fcgitingimused Veebipoe Skinful omanik on Skinful O\u00dc (registrikood 17162114), asukohaga Tartu linn, Eesti. \u00a0 M\u00fc\u00fcgilepingu kehtivus, kauba- ja hinnainfo M\u00fc\u00fcgitingimused kehtivad Veebipoest kaupade ostmisel. Veebipoes m\u00fc\u00fcdavate toodete hinnad on m\u00e4rgitud toodete juurde. Hinnale lisandub tasu kauba k\u00e4ttetoimetamise eest. K\u00f5ik veebipoes m\u00fc\u00fcdavate kaupade hinnad on eurodes. Kauba k\u00e4ttetoimetamise tasu s\u00f5ltub ostja asukohast ning k\u00e4ttetoimetamise viisist. K\u00e4ttetoimetamise [&hellip;]<\/p>\n","protected":false},"author":1,"featured_media":0,"parent":0,"menu_order":0,"comment_status":"closed","ping_status":"closed","template":"","meta":{"site-sidebar-layout":"no-sidebar","site-content-layout":"page-builder","ast-site-content-layout":"full-width-container","site-content-style":"unboxed","site-sidebar-style":"unboxed","ast-global-header-display":"","ast-banner-title-visibility":"","ast-main-header-display":"","ast-hfb-above-header-display":"","ast-hfb-below-header-display":"","ast-hfb-mobile-header-display":"","site-post-title":"disabled","ast-breadcrumbs-content":"disabled","ast-featured-img":"disabled","footer-sml-layout":"","theme-transparent-header-meta":"enabled","adv-header-id-meta":"","stick-header-meta":"","header-above-stick-meta":"","header-main-stick-meta":"","header-below-stick-meta":"","astra-migrate-meta-layouts":"set","ast-page-background-enabled":"default","ast-page-background-meta":{"desktop":{"background-color":"var(--ast-global-color-4)","background-image":"","background-repeat":"repeat","background-position":"center center","background-size":"auto","background-attachment":"scroll","background-type":"","background-media":"","overlay-type":"","overlay-color":"","overlay-opacity":"","overlay-gradient":""},"tablet":{"background-color":"","background-image":"","background-repeat":"repeat","background-position":"center center","background-size":"auto","background-attachment":"scroll","background-type":"","background-media":"","overlay-type":"","overlay-color":"","overlay-opacity":"","overlay-gradient":""},"mobile":{"background-color":"","background-image":"","background-repeat":"repeat","background-position":"center center","background-size":"auto","background-attachment":"scroll","background-type":"","background-media":"","overlay-type":"","overlay-color":"","overlay-opacity":"","overlay-gradient":""}},"ast-content-background-meta":{"desktop":{"background-color":"var(--ast-global-color-5)","background-image":"","background-repeat":"repeat","background-position":"center center","background-size":"auto","background-attachment":"scroll","background-type":"","background-media":"","overlay-type":"","overlay-color":"","overlay-opacity":"","overlay-gradient":""},"tablet":{"background-color":"var(--ast-global-color-5)","background-image":"","background-repeat":"repeat","background-position":"center center","background-size":"auto","background-attachment":"scroll","background-type":"","background-media":"","overlay-type":"","overlay-color":"","overlay-opacity":"","overlay-gradient":""},"mobile":{"background-color":"var(--ast-global-color-5)","background-image":"","background-repeat":"repeat","background-position":"center center","background-size":"auto","background-attachment":"scroll","background-type":"","background-media":"","overlay-type":"","overlay-color":"","overlay-opacity":"","overlay-gradient":""}},"footnotes":""},"class_list":["post-381","page","type-page","status-publish","hentry"],"_links":{"self":[{"href":"https:\/\/www.skinful.ee\/index.php?rest_route=\/wp\/v2\/pages\/381","targetHints":{"allow":["GET"]}}],"collection":[{"href":"https:\/\/www.skinful.ee\/index.php?rest_route=\/wp\/v2\/pages"}],"about":[{"href":"https:\/\/www.skinful.ee\/index.php?rest_route=\/wp\/v2\/types\/page"}],"author":[{"embeddable":true,"href":"https:\/\/www.skinful.ee\/index.php?rest_route=\/wp\/v2\/users\/1"}],"replies":[{"embeddable":true,"href":"https:\/\/www.skinful.ee\/index.php?rest_route=%2Fwp%2Fv2%2Fcomments&post=381"}],"version-history":[{"count":5,"href":"https:\/\/www.skinful.ee\/index.php?rest_route=\/wp\/v2\/pages\/381\/revisions"}],"predecessor-version":[{"id":2086,"href":"https:\/\/www.skinful.ee\/index.php?rest_route=\/wp\/v2\/pages\/381\/revisions\/2086"}],"wp:attachment":[{"href":"https:\/\/www.skinful.ee\/index.php?rest_route=%2Fwp%2Fv2%2Fmedia&parent=381"}],"curies":[{"name":"wp","href":"https:\/\/api.w.org\/{rel}","templated":true}]}}