{"id":1335,"date":"2025-02-24T11:13:53","date_gmt":"2025-02-24T11:13:53","guid":{"rendered":"https:\/\/www.skinful.ee\/?post_type=product&#038;p=1335"},"modified":"2026-03-08T13:09:59","modified_gmt":"2026-03-08T13:09:59","slug":"vt-cosmetics-cica-x-hyalon-reedle-shot-serum-100","status":"publish","type":"product","link":"https:\/\/www.skinful.ee\/?product=vt-cosmetics-cica-x-hyalon-reedle-shot-serum-100","title":{"rendered":"VT COSMETICS Cica X Hyalon Reedle Shot Serum 100  50ml"},"content":{"rendered":"<p>Kasutamine: Puhasta ja toniseeri nahk hoolikalt ning kanna v\u00e4ike kogus seerumit \u00f5rnalt n\u00e4ole, keskendudes piirkondadele, kus esineb kortsukesi. Tupsutage toode ettevaatlikult kuni imendumiseni.<\/p>\n<p>&nbsp;<\/p>\n<p>Koostisosad: Water, Dipropylene Glycol, Glycerin, Niacinamide, Butylene Glycol, Macadamia Ternifolia Seed Oil, 1,2-Hexanediol, Ethylhexyl Palmitate, Sodium Acrylate\/Sodium Acryloyldimethyl Taurate Copolymer, Polyisobutene, Silica, Glycereth-26, Ethylhexylglycerin, Caprylyl Glycol, Adenosine, Sodium Polyacrylate, Sodium Hyaluronate, Centella Asiatica Extract, Caprylyl\/Capryl Glucoside, Sorbitan Oleate, Xanthan Gum, Propolis Extract, Asiaticoside, Madecassoside, Madecassic Acid, Asiatic Acid, Glycine, Serine, Glutamic Acid, Aspartic Acid, Leucine, Alanine, Lysine, Arginine, Tyrosine, Phenylalanine, Threonine, Proline, Valine, Isoleucine, Histidine, Methionine, Cysteine<\/p>\n","protected":false},"excerpt":{"rendered":"<p>Cica ja h\u00fcaluroonhappega rikastatud <strong>VT Cosmetics Reedle Shot 100<\/strong> seerum aitab v\u00e4hendada peeneid kortse ja parandada naha elastsust. Toote s\u00fcgavuti niisutav koostis muudab naha siledamaks ja nooruslikumaks.<\/p>\n<p>P\u00e4rast esimest kasutuskorda n\u00e4eb nahk v\u00e4lja elastsem, siledam ja s\u00e4ravam ning regulaarsel kasutamisel paraneb naha \u00fcldine seisund.<\/p>\n<p><strong>Mida Reedle Shot seerumit kasutades meelespidada?<\/strong><\/p>\n<p>&#8211; Seerum on m\u00f5eldud ainult \u00f5htuseks kasutamiseks. P\u00e4evasel ajal kasuta p\u00e4ikesekaitsekreemi SPF50<\/p>\n<p>&#8211; Toodet v\u00f5ib kasutada igap\u00e4evaselt, v\u00e4ldi suu ja silmade \u00fcmbrust &#8211; v\u00f5ib tekitada naha kuivust v\u00f5i \u00e4rritust!<\/p>\n<p>&#8211; Kerge kipitus v\u00f5i torkimis tunne on normaalne ja see on tingitud seerumis olevatest mikron\u00f5elakestest<\/p>\n<p><strong>\u00c4rge kasutage seerumit koos retinooli, C-vitamiini, AHA ja BHA hapetega suurtes konsentratsioonides, peale koorimisi v\u00f5i muid naha sarvkihi vigastavaid protseduure!<\/strong><\/p>\n","protected":false},"featured_media":1328,"comment_status":"open","ping_status":"closed","template":"","meta":{"site-sidebar-layout":"default","site-content-layout":"","ast-site-content-layout":"default","site-content-style":"default","site-sidebar-style":"default","ast-global-header-display":"","ast-banner-title-visibility":"","ast-main-header-display":"","ast-hfb-above-header-display":"","ast-hfb-below-header-display":"","ast-hfb-mobile-header-display":"","site-post-title":"","ast-breadcrumbs-content":"","ast-featured-img":"","footer-sml-layout":"","theme-transparent-header-meta":"default","adv-header-id-meta":"","stick-header-meta":"","header-above-stick-meta":"","header-main-stick-meta":"","header-below-stick-meta":"","astra-migrate-meta-layouts":"set","ast-page-background-enabled":"default","ast-page-background-meta":{"desktop":{"background-color":"var(--ast-global-color-4)","background-image":"","background-repeat":"repeat","background-position":"center center","background-size":"auto","background-attachment":"scroll","background-type":"","background-media":"","overlay-type":"","overlay-color":"","overlay-opacity":"","overlay-gradient":""},"tablet":{"background-color":"","background-image":"","background-repeat":"repeat","background-position":"center center","background-size":"auto","background-attachment":"scroll","background-type":"","background-media":"","overlay-type":"","overlay-color":"","overlay-opacity":"","overlay-gradient":""},"mobile":{"background-color":"","background-image":"","background-repeat":"repeat","background-position":"center center","background-size":"auto","background-attachment":"scroll","background-type":"","background-media":"","overlay-type":"","overlay-color":"","overlay-opacity":"","overlay-gradient":""}},"ast-content-background-meta":{"desktop":{"background-color":"var(--ast-global-color-5)","background-image":"","background-repeat":"repeat","background-position":"center center","background-size":"auto","background-attachment":"scroll","background-type":"","background-media":"","overlay-type":"","overlay-color":"","overlay-opacity":"","overlay-gradient":""},"tablet":{"background-color":"var(--ast-global-color-5)","background-image":"","background-repeat":"repeat","background-position":"center center","background-size":"auto","background-attachment":"scroll","background-type":"","background-media":"","overlay-type":"","overlay-color":"","overlay-opacity":"","overlay-gradient":""},"mobile":{"background-color":"var(--ast-global-color-5)","background-image":"","background-repeat":"repeat","background-position":"center center","background-size":"auto","background-attachment":"scroll","background-type":"","background-media":"","overlay-type":"","overlay-color":"","overlay-opacity":"","overlay-gradient":""}}},"product_brand":[],"product_cat":[23],"product_tag":[],"class_list":{"0":"post-1335","1":"product","2":"type-product","3":"status-publish","4":"has-post-thumbnail","6":"product_cat-seerum","7":"desktop-align-left","8":"tablet-align-left","9":"mobile-align-left","11":"first","12":"instock","13":"shipping-taxable","14":"purchasable","15":"product-type-simple"},"_links":{"self":[{"href":"https:\/\/www.skinful.ee\/index.php?rest_route=\/wp\/v2\/product\/1335","targetHints":{"allow":["GET"]}}],"collection":[{"href":"https:\/\/www.skinful.ee\/index.php?rest_route=\/wp\/v2\/product"}],"about":[{"href":"https:\/\/www.skinful.ee\/index.php?rest_route=\/wp\/v2\/types\/product"}],"replies":[{"embeddable":true,"href":"https:\/\/www.skinful.ee\/index.php?rest_route=%2Fwp%2Fv2%2Fcomments&post=1335"}],"wp:featuredmedia":[{"embeddable":true,"href":"https:\/\/www.skinful.ee\/index.php?rest_route=\/wp\/v2\/media\/1328"}],"wp:attachment":[{"href":"https:\/\/www.skinful.ee\/index.php?rest_route=%2Fwp%2Fv2%2Fmedia&parent=1335"}],"wp:term":[{"taxonomy":"product_brand","embeddable":true,"href":"https:\/\/www.skinful.ee\/index.php?rest_route=%2Fwp%2Fv2%2Fproduct_brand&post=1335"},{"taxonomy":"product_cat","embeddable":true,"href":"https:\/\/www.skinful.ee\/index.php?rest_route=%2Fwp%2Fv2%2Fproduct_cat&post=1335"},{"taxonomy":"product_tag","embeddable":true,"href":"https:\/\/www.skinful.ee\/index.php?rest_route=%2Fwp%2Fv2%2Fproduct_tag&post=1335"}],"curies":[{"name":"wp","href":"https:\/\/api.w.org\/{rel}","templated":true}]}}