{"id":1339,"date":"2025-02-24T12:53:17","date_gmt":"2025-02-24T12:53:17","guid":{"rendered":"https:\/\/www.skinful.ee\/?post_type=product&#038;p=1339"},"modified":"2025-11-30T22:39:56","modified_gmt":"2025-11-30T22:39:56","slug":"goodal-green-tangerine-vita-c-toner-pad","status":"publish","type":"product","link":"https:\/\/www.skinful.ee\/?product=goodal-green-tangerine-vita-c-toner-pad","title":{"rendered":"Goodal Green Tangerine Vita-C Toner Pad+"},"content":{"rendered":"<p>Kasutamine: Peale n\u00e4o puhastamist kasutage tooneri padjakest \u00f5rnalt nahka tupsutades, v\u00e4ltides suu ja silma\u00fcmbrust. Maskina kasutades asetage padjake soovitud piirkonnale kuni 10 minutiks. See niisutav ja s\u00e4ra andev padjake muudab naha v\u00e4rskeks ja niisutatuks.<\/p>\n<p>&nbsp;<\/p>\n<p>Koostisosad: Water,Glycerin,Dipropylene Glycol,Methylpropanediol,Hydroxyacetophenone,Choleth-24,Hydroxyethyl Urea,Citrus Tangerina (Tangerine) Extract,Allantoin,Caffeine,Caprylyl Glycol,Xanthan Gum,Melia Azadirachta Flower Extract,Melia Azadirachta Leaf Extract,Ethylhexylglycerin,Butylene Glycol,Curcuma Longa (Turmeric) Root Extract,Ocimum Sanctum Leaf Extract,Citrus Aurantium Bergamia (Bergamot) Fruit Oil,1,2-Hexanediol,3-O-Ethyl Ascorbic Acid,Disodium EDTA,Niacinamide,Corallina Officinalis Extract,Althaea Rosea Flower Extract,Citrus Limon (Lemon) Peel Oil,Lavandula Angustifolia (Lavender) Oil,Hydrolyzed Hyaluronic Acid,Cananga Odorata Flower Oil,Citrus Aurantium Dulcis (Orange) Peel Oil,Eucalyptus Globulus Leaf Extract,Vaccinium Myrtillus Fruit Extract,Saccharum Officinarum (Sugarcane) Extract,Citrus Aurantium Dulcis (Orange) Fruit Extract,Citrus Limon (Lemon) Fruit Extract,Acer Saccharum (Sugar Maple) Extract<\/p>\n","protected":false},"excerpt":{"rendered":"<p><strong>Goodal Green Tangerine Vita-C Toner<\/strong> padjakesed on tavalistest c-vitamiiniga rikastatud padjakestest 10x efektiivsemad t\u00e4nu tootes sisalduvale rohelise mandariini ekstraktile, mis aitab nahka veelgi rohkem v\u00e4rskendada ja \u00fchtlustada. <span style=\"font-size: 16px; -webkit-text-size-adjust: 100%;\">Spetsiaalset tooneritud padjakesed aitavad n\u00e4ohoolduse muuta lihtsaks ja mugavaks, pakkudes maksimaalset tulemust.\u00a0<\/span><\/p>\n","protected":false},"featured_media":1308,"comment_status":"open","ping_status":"closed","template":"","meta":{"site-sidebar-layout":"default","site-content-layout":"","ast-site-content-layout":"default","site-content-style":"default","site-sidebar-style":"default","ast-global-header-display":"","ast-banner-title-visibility":"","ast-main-header-display":"","ast-hfb-above-header-display":"","ast-hfb-below-header-display":"","ast-hfb-mobile-header-display":"","site-post-title":"","ast-breadcrumbs-content":"","ast-featured-img":"","footer-sml-layout":"","theme-transparent-header-meta":"default","adv-header-id-meta":"","stick-header-meta":"","header-above-stick-meta":"","header-main-stick-meta":"","header-below-stick-meta":"","astra-migrate-meta-layouts":"set","ast-page-background-enabled":"default","ast-page-background-meta":{"desktop":{"background-color":"var(--ast-global-color-4)","background-image":"","background-repeat":"repeat","background-position":"center center","background-size":"auto","background-attachment":"scroll","background-type":"","background-media":"","overlay-type":"","overlay-color":"","overlay-opacity":"","overlay-gradient":""},"tablet":{"background-color":"","background-image":"","background-repeat":"repeat","background-position":"center center","background-size":"auto","background-attachment":"scroll","background-type":"","background-media":"","overlay-type":"","overlay-color":"","overlay-opacity":"","overlay-gradient":""},"mobile":{"background-color":"","background-image":"","background-repeat":"repeat","background-position":"center center","background-size":"auto","background-attachment":"scroll","background-type":"","background-media":"","overlay-type":"","overlay-color":"","overlay-opacity":"","overlay-gradient":""}},"ast-content-background-meta":{"desktop":{"background-color":"var(--ast-global-color-5)","background-image":"","background-repeat":"repeat","background-position":"center center","background-size":"auto","background-attachment":"scroll","background-type":"","background-media":"","overlay-type":"","overlay-color":"","overlay-opacity":"","overlay-gradient":""},"tablet":{"background-color":"var(--ast-global-color-5)","background-image":"","background-repeat":"repeat","background-position":"center center","background-size":"auto","background-attachment":"scroll","background-type":"","background-media":"","overlay-type":"","overlay-color":"","overlay-opacity":"","overlay-gradient":""},"mobile":{"background-color":"var(--ast-global-color-5)","background-image":"","background-repeat":"repeat","background-position":"center center","background-size":"auto","background-attachment":"scroll","background-type":"","background-media":"","overlay-type":"","overlay-color":"","overlay-opacity":"","overlay-gradient":""}}},"product_brand":[],"product_cat":[32],"product_tag":[],"class_list":{"0":"post-1339","1":"product","2":"type-product","3":"status-publish","4":"has-post-thumbnail","6":"product_cat-naotoonik","7":"desktop-align-left","8":"tablet-align-left","9":"mobile-align-left","11":"first","12":"instock","13":"shipping-taxable","14":"purchasable","15":"product-type-simple"},"_links":{"self":[{"href":"https:\/\/www.skinful.ee\/index.php?rest_route=\/wp\/v2\/product\/1339","targetHints":{"allow":["GET"]}}],"collection":[{"href":"https:\/\/www.skinful.ee\/index.php?rest_route=\/wp\/v2\/product"}],"about":[{"href":"https:\/\/www.skinful.ee\/index.php?rest_route=\/wp\/v2\/types\/product"}],"replies":[{"embeddable":true,"href":"https:\/\/www.skinful.ee\/index.php?rest_route=%2Fwp%2Fv2%2Fcomments&post=1339"}],"wp:featuredmedia":[{"embeddable":true,"href":"https:\/\/www.skinful.ee\/index.php?rest_route=\/wp\/v2\/media\/1308"}],"wp:attachment":[{"href":"https:\/\/www.skinful.ee\/index.php?rest_route=%2Fwp%2Fv2%2Fmedia&parent=1339"}],"wp:term":[{"taxonomy":"product_brand","embeddable":true,"href":"https:\/\/www.skinful.ee\/index.php?rest_route=%2Fwp%2Fv2%2Fproduct_brand&post=1339"},{"taxonomy":"product_cat","embeddable":true,"href":"https:\/\/www.skinful.ee\/index.php?rest_route=%2Fwp%2Fv2%2Fproduct_cat&post=1339"},{"taxonomy":"product_tag","embeddable":true,"href":"https:\/\/www.skinful.ee\/index.php?rest_route=%2Fwp%2Fv2%2Fproduct_tag&post=1339"}],"curies":[{"name":"wp","href":"https:\/\/api.w.org\/{rel}","templated":true}]}}