{"id":1341,"date":"2025-02-24T13:09:52","date_gmt":"2025-02-24T13:09:52","guid":{"rendered":"https:\/\/www.skinful.ee\/?post_type=product&#038;p=1341"},"modified":"2025-11-30T22:39:28","modified_gmt":"2025-11-30T22:39:28","slug":"goodal-green-tangerine-vita-c-dark-spot-care-serum","status":"publish","type":"product","link":"https:\/\/www.skinful.ee\/?product=goodal-green-tangerine-vita-c-dark-spot-care-serum","title":{"rendered":"Goodal Green Tangerine Vita-C Dark Spot Care Serum 30ml"},"content":{"rendered":"<p>Kasutamine: Kanna seerum puhtale n\u00e4onahale, keskendudes eba\u00fchtlasele ja v\u00e4rskust vajavale kohale. V\u00e4ldi suu ja silmade \u00fcmbrust.<\/p>\n<p>&nbsp;<\/p>\n<p>Koostisosad: Citrus Tangerina (Tangerine) Extract,Butylene Glycol,Niacinamide,Dipropylene Glycol,Methyl Gluceth-20,Water,1,2-Hexanediol,Glycereth-26,Arbutin,Ammonium Acryloyldimethyltaurate\/VP Copolymer,Panthenol,Chondrus Crispus Extract,Choleth-24,Saccharum Officinarum (Sugarcane) Extract,Carbomer,Tromethamine,Ethylhexylglycerin,Hydrolyzed Jojoba Esters,Allantoin,Sodium Hyaluronate,Tocopheryl Acetate,Citrus Aurantium Bergamia (Bergamot) Fruit Oil,Adenosine,Sodium Phytate,Xanthan Gum,Melia Azadirachta Flower Extract,Ocimum Sanctum Leaf Extract,Melia Azadirachta Leaf Extract,Ascorbyl Glucoside,Dipotassium Glycyrrhizate,Curcuma Longa (Turmeric) Root Extract,Corallina Officinalis Extract,Citrus Limon (Lemon) Peel Oil,Lavandula Angustifolia (Lavender) Oil,Cananga Odorata Flower Oil,Citrus Aurantium Dulcis (Orange) Peel Oil,Eucalyptus Globulus Leaf Extract,Glycerin,Glycyrrhiza Uralensis (Licorice) Root Extract,Madecassoside,Anthemis Nobilis Flower Extract,Camellia Sinensis Leaf Extract,Maltodextrin,Saccharide Hydrolysat,Tocopherol,Centella Asiatica Extract,Rosmarinus Officinalis (Rosemary) Leaf Extract,Asiaticoside,Polygonum Cuspidatum Root Extract,Centella Asiatica Leaf Extract<\/p>\n","protected":false},"excerpt":{"rendered":"<p><strong>Goodal Green Tangerine Vita-C Dark Spot<\/strong> seerum aitab v\u00e4hendada pigmendilaike, aknej\u00e4rgseid arme ja vananemisest tingitud laike nahal ning \u00fchtlustada nahatooni, muutes n\u00e4onaha v\u00e4rskemaks ja s\u00e4ravamaks.<\/p>\n","protected":false},"featured_media":1313,"comment_status":"open","ping_status":"closed","template":"","meta":{"site-sidebar-layout":"default","site-content-layout":"","ast-site-content-layout":"default","site-content-style":"default","site-sidebar-style":"default","ast-global-header-display":"","ast-banner-title-visibility":"","ast-main-header-display":"","ast-hfb-above-header-display":"","ast-hfb-below-header-display":"","ast-hfb-mobile-header-display":"","site-post-title":"","ast-breadcrumbs-content":"","ast-featured-img":"","footer-sml-layout":"","theme-transparent-header-meta":"default","adv-header-id-meta":"","stick-header-meta":"","header-above-stick-meta":"","header-main-stick-meta":"","header-below-stick-meta":"","astra-migrate-meta-layouts":"set","ast-page-background-enabled":"default","ast-page-background-meta":{"desktop":{"background-color":"var(--ast-global-color-4)","background-image":"","background-repeat":"repeat","background-position":"center center","background-size":"auto","background-attachment":"scroll","background-type":"","background-media":"","overlay-type":"","overlay-color":"","overlay-opacity":"","overlay-gradient":""},"tablet":{"background-color":"","background-image":"","background-repeat":"repeat","background-position":"center center","background-size":"auto","background-attachment":"scroll","background-type":"","background-media":"","overlay-type":"","overlay-color":"","overlay-opacity":"","overlay-gradient":""},"mobile":{"background-color":"","background-image":"","background-repeat":"repeat","background-position":"center center","background-size":"auto","background-attachment":"scroll","background-type":"","background-media":"","overlay-type":"","overlay-color":"","overlay-opacity":"","overlay-gradient":""}},"ast-content-background-meta":{"desktop":{"background-color":"var(--ast-global-color-5)","background-image":"","background-repeat":"repeat","background-position":"center center","background-size":"auto","background-attachment":"scroll","background-type":"","background-media":"","overlay-type":"","overlay-color":"","overlay-opacity":"","overlay-gradient":""},"tablet":{"background-color":"var(--ast-global-color-5)","background-image":"","background-repeat":"repeat","background-position":"center center","background-size":"auto","background-attachment":"scroll","background-type":"","background-media":"","overlay-type":"","overlay-color":"","overlay-opacity":"","overlay-gradient":""},"mobile":{"background-color":"var(--ast-global-color-5)","background-image":"","background-repeat":"repeat","background-position":"center center","background-size":"auto","background-attachment":"scroll","background-type":"","background-media":"","overlay-type":"","overlay-color":"","overlay-opacity":"","overlay-gradient":""}}},"product_brand":[],"product_cat":[23],"product_tag":[],"class_list":{"0":"post-1341","1":"product","2":"type-product","3":"status-publish","4":"has-post-thumbnail","6":"product_cat-seerum","7":"desktop-align-left","8":"tablet-align-left","9":"mobile-align-left","11":"first","12":"instock","13":"shipping-taxable","14":"purchasable","15":"product-type-simple"},"_links":{"self":[{"href":"https:\/\/www.skinful.ee\/index.php?rest_route=\/wp\/v2\/product\/1341","targetHints":{"allow":["GET"]}}],"collection":[{"href":"https:\/\/www.skinful.ee\/index.php?rest_route=\/wp\/v2\/product"}],"about":[{"href":"https:\/\/www.skinful.ee\/index.php?rest_route=\/wp\/v2\/types\/product"}],"replies":[{"embeddable":true,"href":"https:\/\/www.skinful.ee\/index.php?rest_route=%2Fwp%2Fv2%2Fcomments&post=1341"}],"wp:featuredmedia":[{"embeddable":true,"href":"https:\/\/www.skinful.ee\/index.php?rest_route=\/wp\/v2\/media\/1313"}],"wp:attachment":[{"href":"https:\/\/www.skinful.ee\/index.php?rest_route=%2Fwp%2Fv2%2Fmedia&parent=1341"}],"wp:term":[{"taxonomy":"product_brand","embeddable":true,"href":"https:\/\/www.skinful.ee\/index.php?rest_route=%2Fwp%2Fv2%2Fproduct_brand&post=1341"},{"taxonomy":"product_cat","embeddable":true,"href":"https:\/\/www.skinful.ee\/index.php?rest_route=%2Fwp%2Fv2%2Fproduct_cat&post=1341"},{"taxonomy":"product_tag","embeddable":true,"href":"https:\/\/www.skinful.ee\/index.php?rest_route=%2Fwp%2Fv2%2Fproduct_tag&post=1341"}],"curies":[{"name":"wp","href":"https:\/\/api.w.org\/{rel}","templated":true}]}}