{"id":1350,"date":"2025-02-24T14:21:54","date_gmt":"2025-02-24T14:21:54","guid":{"rendered":"https:\/\/www.skinful.ee\/?post_type=product&#038;p=1350"},"modified":"2025-09-21T11:23:47","modified_gmt":"2025-09-21T11:23:47","slug":"haruharu-wonder-centella-phyto-5-peptide-concentrate-cream","status":"publish","type":"product","link":"https:\/\/www.skinful.ee\/?product=haruharu-wonder-centella-phyto-5-peptide-concentrate-cream","title":{"rendered":"Haruharu Wonder Centella Phyto &#038; 5 Peptide Concentrate Cream 30ml"},"content":{"rendered":"<p>Kasutamine: P\u00e4rast puhastamist ja toniseerimist masseerige \u00f5rnalt vajalik kogus toodet nahale ja tupsutage, et see paremini imenduks. Parimateks tulemusteks kasuta toodet nii hommikul kui \u00f5htul.<\/p>\n<p>&nbsp;<\/p>\n<p>Koostisosad:Water, Glycerin, Butylene Glycol, Caprylic\/Capric Triglyceride, Helianthus Annuus (Sunflower) Seed Oil, Polyglyceryl-3 Distearate, 1,2-Hexanediol, Cetyl Alcohol, Cetyl Palmitate, Ammonium Acryloyldimethyltaurate\/VP Copolymer, Sorbitan Palmitate, Sorbitan Olivate, Glyceryl Stearate, Stearyl Alcohol, Xanthan Gum, Glyceryl Stearate Citrate, Myristyl Alcohol, Squalane, Caffeine, Hydrolyzed Soy Protein (900ppm), Hydrogenated Lecithin, Pentylene Glycol, Ethylhexylglycerin, Adenosine, Butyrospermum Parkii (Shea) Butter, Phytosterols, Lauryl Alcohol, Centella Asiatica Extract(150ppm), Hydrolyzed Pea Protein (100ppm), Madecassoside (90ppm), Asiaticoside (60ppm), Caprylyl Glycol, Xylitylglucoside, Anhydroxylitol, Copper Tripeptide-1(20.02ppm), Xylitol, Acetyl Hexapeptide-8(10.02ppm), Asiatic Acid(6ppm), Madecassic Acid(6ppm), Glucose, Ceramide NP, Hippophae Rhamnoides Fruit Extract, Oligopeptide-32(0.02ppm), Oligopeptide-29(0.02ppm), Palmitoyl Pentapeptide-4(0.02ppm)<\/p>\n","protected":false},"excerpt":{"rendered":"<p><strong><em>BOTOX EFEKT N\u00c4OKREEMIGA? JAH PALUN!<\/em><\/strong><\/p>\n<p><strong>Haruharu Wonder Centella Phyto &amp; 5 Peptide Concentrate<\/strong> n\u00e4okreem on rikastatud 5 peptiidi kompleksiga, mis on loodud vananemism\u00e4rkide v\u00e4hendamiseks, naha elastsuse suurendamiseks, peenikeste joonte ja kortsukeste v\u00e4hendamiseks ning nahabarj\u00e4\u00e4ri tugevdamiseks. See sisaldab h\u00fcdrol\u00fc\u00fcsitud sojavalku ja adenosiini, et niisutada nahka ja parandada selle elastsust.<\/p>\n","protected":false},"featured_media":1300,"comment_status":"open","ping_status":"closed","template":"","meta":{"site-sidebar-layout":"default","site-content-layout":"","ast-site-content-layout":"default","site-content-style":"default","site-sidebar-style":"default","ast-global-header-display":"","ast-banner-title-visibility":"","ast-main-header-display":"","ast-hfb-above-header-display":"","ast-hfb-below-header-display":"","ast-hfb-mobile-header-display":"","site-post-title":"","ast-breadcrumbs-content":"","ast-featured-img":"","footer-sml-layout":"","theme-transparent-header-meta":"default","adv-header-id-meta":"","stick-header-meta":"","header-above-stick-meta":"","header-main-stick-meta":"","header-below-stick-meta":"","astra-migrate-meta-layouts":"set","ast-page-background-enabled":"default","ast-page-background-meta":{"desktop":{"background-color":"var(--ast-global-color-4)","background-image":"","background-repeat":"repeat","background-position":"center center","background-size":"auto","background-attachment":"scroll","background-type":"","background-media":"","overlay-type":"","overlay-color":"","overlay-opacity":"","overlay-gradient":""},"tablet":{"background-color":"","background-image":"","background-repeat":"repeat","background-position":"center center","background-size":"auto","background-attachment":"scroll","background-type":"","background-media":"","overlay-type":"","overlay-color":"","overlay-opacity":"","overlay-gradient":""},"mobile":{"background-color":"","background-image":"","background-repeat":"repeat","background-position":"center center","background-size":"auto","background-attachment":"scroll","background-type":"","background-media":"","overlay-type":"","overlay-color":"","overlay-opacity":"","overlay-gradient":""}},"ast-content-background-meta":{"desktop":{"background-color":"var(--ast-global-color-5)","background-image":"","background-repeat":"repeat","background-position":"center center","background-size":"auto","background-attachment":"scroll","background-type":"","background-media":"","overlay-type":"","overlay-color":"","overlay-opacity":"","overlay-gradient":""},"tablet":{"background-color":"var(--ast-global-color-5)","background-image":"","background-repeat":"repeat","background-position":"center center","background-size":"auto","background-attachment":"scroll","background-type":"","background-media":"","overlay-type":"","overlay-color":"","overlay-opacity":"","overlay-gradient":""},"mobile":{"background-color":"var(--ast-global-color-5)","background-image":"","background-repeat":"repeat","background-position":"center center","background-size":"auto","background-attachment":"scroll","background-type":"","background-media":"","overlay-type":"","overlay-color":"","overlay-opacity":"","overlay-gradient":""}}},"product_brand":[],"product_cat":[24],"product_tag":[],"class_list":{"0":"post-1350","1":"product","2":"type-product","3":"status-publish","4":"has-post-thumbnail","6":"product_cat-kreemid","7":"desktop-align-left","8":"tablet-align-left","9":"mobile-align-left","11":"first","12":"outofstock","13":"shipping-taxable","14":"purchasable","15":"product-type-simple"},"_links":{"self":[{"href":"https:\/\/www.skinful.ee\/index.php?rest_route=\/wp\/v2\/product\/1350","targetHints":{"allow":["GET"]}}],"collection":[{"href":"https:\/\/www.skinful.ee\/index.php?rest_route=\/wp\/v2\/product"}],"about":[{"href":"https:\/\/www.skinful.ee\/index.php?rest_route=\/wp\/v2\/types\/product"}],"replies":[{"embeddable":true,"href":"https:\/\/www.skinful.ee\/index.php?rest_route=%2Fwp%2Fv2%2Fcomments&post=1350"}],"wp:featuredmedia":[{"embeddable":true,"href":"https:\/\/www.skinful.ee\/index.php?rest_route=\/wp\/v2\/media\/1300"}],"wp:attachment":[{"href":"https:\/\/www.skinful.ee\/index.php?rest_route=%2Fwp%2Fv2%2Fmedia&parent=1350"}],"wp:term":[{"taxonomy":"product_brand","embeddable":true,"href":"https:\/\/www.skinful.ee\/index.php?rest_route=%2Fwp%2Fv2%2Fproduct_brand&post=1350"},{"taxonomy":"product_cat","embeddable":true,"href":"https:\/\/www.skinful.ee\/index.php?rest_route=%2Fwp%2Fv2%2Fproduct_cat&post=1350"},{"taxonomy":"product_tag","embeddable":true,"href":"https:\/\/www.skinful.ee\/index.php?rest_route=%2Fwp%2Fv2%2Fproduct_tag&post=1350"}],"curies":[{"name":"wp","href":"https:\/\/api.w.org\/{rel}","templated":true}]}}