{"id":1373,"date":"2025-02-24T18:56:13","date_gmt":"2025-02-24T18:56:13","guid":{"rendered":"https:\/\/www.skinful.ee\/?post_type=product&#038;p=1373"},"modified":"2025-11-30T22:35:32","modified_gmt":"2025-11-30T22:35:32","slug":"anua-heartleaf-quercetinol-pore-deep-cleansing-foam-150ml","status":"publish","type":"product","link":"https:\/\/www.skinful.ee\/?product=anua-heartleaf-quercetinol-pore-deep-cleansing-foam-150ml","title":{"rendered":"Anua Heartleaf Quercetinol Pore Deep Cleansing Foam 150ml"},"content":{"rendered":"<p>Kasutamine: Kandke vajalik kogus vahendit niiskele nahale ja masseerige \u00f5rnalt, p\u00f6\u00f6rates erilist t\u00e4helepanu suurenenud pooridega piirkondadele. Loputa nahk leige veega ning l\u00f5petuseks kasuta oma tavap\u00e4raseid n\u00e4ohooldustooteid.<\/p>\n<p>&nbsp;<\/p>\n<p>Koostisosad: <span style=\"font-size: 16px; -webkit-text-size-adjust: 100%;\">Houttuynia Cordata Extract, Glycerin, Sodium Cocoyl Glycinate, Water, Sodium Lauroyl Glutamate, Coco-Glucoside, Sodium Cocoamphoacetate, Sodium Chloride, 1,2-Hexanediol, Salicylic Acid, Butylene Glycol, Lecithin, Glyceryl Stearate SE, Hydroxypropyl Starch Phosphate, Potassium Benzoate, Polyquaternium-67, Houttuynia Cordata Powder, Quercetin, Oenothera Biennis (Evening Primrose) Flower Extract, Ulmus Davidiana Root Extract, Pinus Palustris Leaf Extract, Pueraria Lobata Root Extract, Capryloyl Salicylic Acid, Tocopherol, Sodium Hyaluronate, Hydroxypropyltrimonium Hyaluronate, Sodium Acetylated Hyaluronate, Hydrolyzed Sodium Hyaluronate, Potassium Hyaluronate, Dextrin, Gardenia Florida Fruit Extract, Fragrance, Ethylhexylglycerin, Disodium EDTA<\/span><\/p>\n","protected":false},"excerpt":{"rendered":"<p><strong>Anua Heartleaf Quercetinol<\/strong> s\u00fcgavpuhastav vaht aitab eemaldada n\u00e4onahalt ja pooridest mustuse, mis on p\u00e4eva v\u00f5i \u00f6\u00f6 jooksul kogunenud ning aitab v\u00e4hendada ja kontrollida rasueritust. Rahustava toimega n\u00e4opuhastaja muudab naha pehmeks, siledaks ja niisutatuks.<\/p>\n","protected":false},"featured_media":1374,"comment_status":"open","ping_status":"closed","template":"","meta":{"site-sidebar-layout":"default","site-content-layout":"","ast-site-content-layout":"default","site-content-style":"default","site-sidebar-style":"default","ast-global-header-display":"","ast-banner-title-visibility":"","ast-main-header-display":"","ast-hfb-above-header-display":"","ast-hfb-below-header-display":"","ast-hfb-mobile-header-display":"","site-post-title":"","ast-breadcrumbs-content":"","ast-featured-img":"","footer-sml-layout":"","theme-transparent-header-meta":"default","adv-header-id-meta":"","stick-header-meta":"","header-above-stick-meta":"","header-main-stick-meta":"","header-below-stick-meta":"","astra-migrate-meta-layouts":"set","ast-page-background-enabled":"default","ast-page-background-meta":{"desktop":{"background-color":"var(--ast-global-color-4)","background-image":"","background-repeat":"repeat","background-position":"center center","background-size":"auto","background-attachment":"scroll","background-type":"","background-media":"","overlay-type":"","overlay-color":"","overlay-opacity":"","overlay-gradient":""},"tablet":{"background-color":"","background-image":"","background-repeat":"repeat","background-position":"center center","background-size":"auto","background-attachment":"scroll","background-type":"","background-media":"","overlay-type":"","overlay-color":"","overlay-opacity":"","overlay-gradient":""},"mobile":{"background-color":"","background-image":"","background-repeat":"repeat","background-position":"center center","background-size":"auto","background-attachment":"scroll","background-type":"","background-media":"","overlay-type":"","overlay-color":"","overlay-opacity":"","overlay-gradient":""}},"ast-content-background-meta":{"desktop":{"background-color":"var(--ast-global-color-5)","background-image":"","background-repeat":"repeat","background-position":"center center","background-size":"auto","background-attachment":"scroll","background-type":"","background-media":"","overlay-type":"","overlay-color":"","overlay-opacity":"","overlay-gradient":""},"tablet":{"background-color":"var(--ast-global-color-5)","background-image":"","background-repeat":"repeat","background-position":"center center","background-size":"auto","background-attachment":"scroll","background-type":"","background-media":"","overlay-type":"","overlay-color":"","overlay-opacity":"","overlay-gradient":""},"mobile":{"background-color":"var(--ast-global-color-5)","background-image":"","background-repeat":"repeat","background-position":"center center","background-size":"auto","background-attachment":"scroll","background-type":"","background-media":"","overlay-type":"","overlay-color":"","overlay-opacity":"","overlay-gradient":""}}},"product_brand":[],"product_cat":[27],"product_tag":[],"class_list":{"0":"post-1373","1":"product","2":"type-product","3":"status-publish","4":"has-post-thumbnail","6":"product_cat-naopuhastus","7":"desktop-align-left","8":"tablet-align-left","9":"mobile-align-left","11":"first","12":"instock","13":"shipping-taxable","14":"purchasable","15":"product-type-simple"},"_links":{"self":[{"href":"https:\/\/www.skinful.ee\/index.php?rest_route=\/wp\/v2\/product\/1373","targetHints":{"allow":["GET"]}}],"collection":[{"href":"https:\/\/www.skinful.ee\/index.php?rest_route=\/wp\/v2\/product"}],"about":[{"href":"https:\/\/www.skinful.ee\/index.php?rest_route=\/wp\/v2\/types\/product"}],"replies":[{"embeddable":true,"href":"https:\/\/www.skinful.ee\/index.php?rest_route=%2Fwp%2Fv2%2Fcomments&post=1373"}],"wp:featuredmedia":[{"embeddable":true,"href":"https:\/\/www.skinful.ee\/index.php?rest_route=\/wp\/v2\/media\/1374"}],"wp:attachment":[{"href":"https:\/\/www.skinful.ee\/index.php?rest_route=%2Fwp%2Fv2%2Fmedia&parent=1373"}],"wp:term":[{"taxonomy":"product_brand","embeddable":true,"href":"https:\/\/www.skinful.ee\/index.php?rest_route=%2Fwp%2Fv2%2Fproduct_brand&post=1373"},{"taxonomy":"product_cat","embeddable":true,"href":"https:\/\/www.skinful.ee\/index.php?rest_route=%2Fwp%2Fv2%2Fproduct_cat&post=1373"},{"taxonomy":"product_tag","embeddable":true,"href":"https:\/\/www.skinful.ee\/index.php?rest_route=%2Fwp%2Fv2%2Fproduct_tag&post=1373"}],"curies":[{"name":"wp","href":"https:\/\/api.w.org\/{rel}","templated":true}]}}