{"id":1818,"date":"2025-03-08T15:10:07","date_gmt":"2025-03-08T15:10:07","guid":{"rendered":"https:\/\/www.skinful.ee\/?post_type=product&#038;p=1818"},"modified":"2025-12-21T16:00:34","modified_gmt":"2025-12-21T16:00:34","slug":"haruharu-wonder-black-rice-hyaluronic-toner-150ml","status":"publish","type":"product","link":"https:\/\/www.skinful.ee\/?product=haruharu-wonder-black-rice-hyaluronic-toner-150ml","title":{"rendered":"Haruharu Wonder Black Rice Hyaluronic Toner 150ml"},"content":{"rendered":"<p style=\"text-align: left;\">Kasutamine: Niisutage vatipadjake toonikuga \u00a0ja kandke eelnevalt puhastatud nahale, patsutage \u00f5rnalt kuni toote imendumiseni.<\/p>\n<p>&nbsp;<\/p>\n<p>Koostisosad: Water, Betaine, Glycerin, Propanediol, Scutellaria Baicalensis Root Extract, Oryza Sativa (Rice) Extract(2,000ppm), Phyllostachys Pubescens Shoot Bark Extract(2,000ppm), Xanthan Gum, Cellulose Gum, 1,2-Hexanediol, Butylene Glycol, Pulsatilla Koreana Extract, Zanthoxylum Piperitum Fruit Extract, Usnea Barbata (Lichen) Extract, Aspergillus Ferment, Sodium Gluconate, Hyaluronic Acid(600ppm), Beta-Glucan, Tamarindus Indica Seed Gum, Panax Ginseng Root Extract, Glucose, Cyclodextrin<\/p>\n","protected":false},"excerpt":{"rendered":"<p style=\"text-align: left;\"><strong>Haruharu Wonder Black Rice Hyaluronic Facial Toner<\/strong> puhastab, niisutab ja toidab tundlikku nahka, v\u00e4hendab pingulolekutunnet ning valmistab naha ette j\u00e4rgnevaks nahahoolduseks. T\u00e4nu ainulaadsele Ultra Deep tehnoloogiale imenduvad toimeained s\u00fcgavale nahakihtidesse. Koostises sisalduvad fermenteeritud must riis ja bambusv\u00f5rsed on efektiivse antioks\u00fcdantse toimega, pehmendavad\u00a0\u00a0ja v\u00e4hendavad olemasolevaid kortse ning taastavad naha elastuse ja kompaktsuse. H\u00fcaluroonhape niisutab intensiivselt nahka ja aitab ennetada niiskuskadu.<\/p>\n<p>&nbsp;<\/p>\n<p><strong>Sobib tundlikule nahale, l\u00f5hnavaba, vegan, julmusevaba ning sisaldab 95% looduslikke koostisosi.<\/strong><\/p>\n","protected":false},"featured_media":1819,"comment_status":"open","ping_status":"closed","template":"","meta":{"site-sidebar-layout":"default","site-content-layout":"","ast-site-content-layout":"default","site-content-style":"default","site-sidebar-style":"default","ast-global-header-display":"","ast-banner-title-visibility":"","ast-main-header-display":"","ast-hfb-above-header-display":"","ast-hfb-below-header-display":"","ast-hfb-mobile-header-display":"","site-post-title":"","ast-breadcrumbs-content":"","ast-featured-img":"","footer-sml-layout":"","theme-transparent-header-meta":"default","adv-header-id-meta":"","stick-header-meta":"","header-above-stick-meta":"","header-main-stick-meta":"","header-below-stick-meta":"","astra-migrate-meta-layouts":"set","ast-page-background-enabled":"default","ast-page-background-meta":{"desktop":{"background-color":"var(--ast-global-color-4)","background-image":"","background-repeat":"repeat","background-position":"center center","background-size":"auto","background-attachment":"scroll","background-type":"","background-media":"","overlay-type":"","overlay-color":"","overlay-opacity":"","overlay-gradient":""},"tablet":{"background-color":"","background-image":"","background-repeat":"repeat","background-position":"center center","background-size":"auto","background-attachment":"scroll","background-type":"","background-media":"","overlay-type":"","overlay-color":"","overlay-opacity":"","overlay-gradient":""},"mobile":{"background-color":"","background-image":"","background-repeat":"repeat","background-position":"center center","background-size":"auto","background-attachment":"scroll","background-type":"","background-media":"","overlay-type":"","overlay-color":"","overlay-opacity":"","overlay-gradient":""}},"ast-content-background-meta":{"desktop":{"background-color":"var(--ast-global-color-5)","background-image":"","background-repeat":"repeat","background-position":"center center","background-size":"auto","background-attachment":"scroll","background-type":"","background-media":"","overlay-type":"","overlay-color":"","overlay-opacity":"","overlay-gradient":""},"tablet":{"background-color":"var(--ast-global-color-5)","background-image":"","background-repeat":"repeat","background-position":"center center","background-size":"auto","background-attachment":"scroll","background-type":"","background-media":"","overlay-type":"","overlay-color":"","overlay-opacity":"","overlay-gradient":""},"mobile":{"background-color":"var(--ast-global-color-5)","background-image":"","background-repeat":"repeat","background-position":"center center","background-size":"auto","background-attachment":"scroll","background-type":"","background-media":"","overlay-type":"","overlay-color":"","overlay-opacity":"","overlay-gradient":""}}},"product_brand":[],"product_cat":[32],"product_tag":[],"class_list":{"0":"post-1818","1":"product","2":"type-product","3":"status-publish","4":"has-post-thumbnail","6":"product_cat-naotoonik","7":"desktop-align-left","8":"tablet-align-left","9":"mobile-align-left","11":"first","12":"outofstock","13":"shipping-taxable","14":"purchasable","15":"product-type-simple"},"_links":{"self":[{"href":"https:\/\/www.skinful.ee\/index.php?rest_route=\/wp\/v2\/product\/1818","targetHints":{"allow":["GET"]}}],"collection":[{"href":"https:\/\/www.skinful.ee\/index.php?rest_route=\/wp\/v2\/product"}],"about":[{"href":"https:\/\/www.skinful.ee\/index.php?rest_route=\/wp\/v2\/types\/product"}],"replies":[{"embeddable":true,"href":"https:\/\/www.skinful.ee\/index.php?rest_route=%2Fwp%2Fv2%2Fcomments&post=1818"}],"wp:featuredmedia":[{"embeddable":true,"href":"https:\/\/www.skinful.ee\/index.php?rest_route=\/wp\/v2\/media\/1819"}],"wp:attachment":[{"href":"https:\/\/www.skinful.ee\/index.php?rest_route=%2Fwp%2Fv2%2Fmedia&parent=1818"}],"wp:term":[{"taxonomy":"product_brand","embeddable":true,"href":"https:\/\/www.skinful.ee\/index.php?rest_route=%2Fwp%2Fv2%2Fproduct_brand&post=1818"},{"taxonomy":"product_cat","embeddable":true,"href":"https:\/\/www.skinful.ee\/index.php?rest_route=%2Fwp%2Fv2%2Fproduct_cat&post=1818"},{"taxonomy":"product_tag","embeddable":true,"href":"https:\/\/www.skinful.ee\/index.php?rest_route=%2Fwp%2Fv2%2Fproduct_tag&post=1818"}],"curies":[{"name":"wp","href":"https:\/\/api.w.org\/{rel}","templated":true}]}}