{"id":2209,"date":"2025-04-07T08:22:29","date_gmt":"2025-04-07T08:22:29","guid":{"rendered":"https:\/\/www.skinful.ee\/?post_type=product&#038;p=2209"},"modified":"2026-03-13T13:20:50","modified_gmt":"2026-03-13T13:20:50","slug":"biodance-bio-collagen-real-deep-mask","status":"publish","type":"product","link":"https:\/\/www.skinful.ee\/?product=biodance-bio-collagen-real-deep-mask","title":{"rendered":"Biodance Bio-Collagen Real Deep Mask"},"content":{"rendered":"<p>Kasutamine: P\u00e4rast n\u00e4o puhastamist ja toniseerimist kandke mask n\u00e4ole: eemaldage kaitsekiht ja kandke mask nahale minimaalselt 3-4 tunniks. Mask toimetab aktiivsed koostisosad nahka ja kangas muutub l\u00e4bipaistvaks. Eemaldage mask ja j\u00e4tke j\u00e4relej\u00e4\u00e4nud essents nahale ilma loputamata. Toodet v\u00f5ib kasutada ka \u00f6\u00f6sel.<\/p>\n<p>&nbsp;<\/p>\n<p>Koostisosad: Water, Collagen Extract, Galactomyces Ferment Filtrate, Glycerine, Acrylates Copolymer, Niacinamide, Ceratonia Siliqua (Carob) Gum, Chondrus Crispus Extract, Betaine, Algin, Dipropylene Glycol, Agar, Hydroxyacetophenone, 1,2-Hexanediol, Potassium Chloride, Polyglyceryl-10 Laurate, Caprylyl Glycol, Sucrose, Butylene Glycol, Allantoin, Ethylhexylglycerin, Hydrolyzed Hyaluronic Acid, Adenosine, Disodium EDTA, Pyrus Communis (Pear) Fruit Extract, Rosa Damascena Flower Water, Iris Florentina Root Extract, Cucumis Melo (Melon) Fruit Extract, Hedera Helix (Ivy) Leaf\/Stem Extract, Dipotassium Glycyrrhizate, Bifida Ferment Filtrate, Tocopherol, Lactobacillus Ferment, Lactobacillus Ferment Lysate<\/p>\n","protected":false},"excerpt":{"rendered":"<p><strong><em>KLIENTIDE LEMMIK!<\/em><\/strong><\/p>\n<p>Biokollageeni ja oligoh\u00fcaluroonhappega rikastatud<strong> Biodance Bio-Collagen Real Deep mask<\/strong> tungib naha s\u00fcgavamatesse kihtidesse, tagades pikaajalise niisutuse ja v\u00f5ideldes vananemisilmingutega. Selle t\u00e4iustatud valem aitab:<\/p>\n<p>&#8211; S\u00e4ilitab 100% niiskuse, tagades intensiivse niisutuse.<br \/>\n&#8211; Silu peened kortsud ja miimikajooned.<br \/>\n&#8211; Toitke ja taastage nahka \u00fcle\u00f6\u00f6, et \u00e4rgata s\u00e4rava ja noorenenud nahaga.<\/p>\n","protected":false},"featured_media":2219,"comment_status":"open","ping_status":"closed","template":"","meta":{"site-sidebar-layout":"default","site-content-layout":"","ast-site-content-layout":"default","site-content-style":"default","site-sidebar-style":"default","ast-global-header-display":"","ast-banner-title-visibility":"","ast-main-header-display":"","ast-hfb-above-header-display":"","ast-hfb-below-header-display":"","ast-hfb-mobile-header-display":"","site-post-title":"","ast-breadcrumbs-content":"","ast-featured-img":"","footer-sml-layout":"","theme-transparent-header-meta":"default","adv-header-id-meta":"","stick-header-meta":"","header-above-stick-meta":"","header-main-stick-meta":"","header-below-stick-meta":"","astra-migrate-meta-layouts":"set","ast-page-background-enabled":"default","ast-page-background-meta":{"desktop":{"background-color":"var(--ast-global-color-4)","background-image":"","background-repeat":"repeat","background-position":"center center","background-size":"auto","background-attachment":"scroll","background-type":"","background-media":"","overlay-type":"","overlay-color":"","overlay-opacity":"","overlay-gradient":""},"tablet":{"background-color":"","background-image":"","background-repeat":"repeat","background-position":"center center","background-size":"auto","background-attachment":"scroll","background-type":"","background-media":"","overlay-type":"","overlay-color":"","overlay-opacity":"","overlay-gradient":""},"mobile":{"background-color":"","background-image":"","background-repeat":"repeat","background-position":"center center","background-size":"auto","background-attachment":"scroll","background-type":"","background-media":"","overlay-type":"","overlay-color":"","overlay-opacity":"","overlay-gradient":""}},"ast-content-background-meta":{"desktop":{"background-color":"var(--ast-global-color-5)","background-image":"","background-repeat":"repeat","background-position":"center center","background-size":"auto","background-attachment":"scroll","background-type":"","background-media":"","overlay-type":"","overlay-color":"","overlay-opacity":"","overlay-gradient":""},"tablet":{"background-color":"var(--ast-global-color-5)","background-image":"","background-repeat":"repeat","background-position":"center center","background-size":"auto","background-attachment":"scroll","background-type":"","background-media":"","overlay-type":"","overlay-color":"","overlay-opacity":"","overlay-gradient":""},"mobile":{"background-color":"var(--ast-global-color-5)","background-image":"","background-repeat":"repeat","background-position":"center center","background-size":"auto","background-attachment":"scroll","background-type":"","background-media":"","overlay-type":"","overlay-color":"","overlay-opacity":"","overlay-gradient":""}}},"product_brand":[],"product_cat":[25],"product_tag":[],"class_list":{"0":"post-2209","1":"product","2":"type-product","3":"status-publish","4":"has-post-thumbnail","6":"product_cat-maskid","7":"desktop-align-left","8":"tablet-align-left","9":"mobile-align-left","11":"first","12":"instock","13":"shipping-taxable","14":"purchasable","15":"product-type-simple"},"_links":{"self":[{"href":"https:\/\/www.skinful.ee\/index.php?rest_route=\/wp\/v2\/product\/2209","targetHints":{"allow":["GET"]}}],"collection":[{"href":"https:\/\/www.skinful.ee\/index.php?rest_route=\/wp\/v2\/product"}],"about":[{"href":"https:\/\/www.skinful.ee\/index.php?rest_route=\/wp\/v2\/types\/product"}],"replies":[{"embeddable":true,"href":"https:\/\/www.skinful.ee\/index.php?rest_route=%2Fwp%2Fv2%2Fcomments&post=2209"}],"wp:featuredmedia":[{"embeddable":true,"href":"https:\/\/www.skinful.ee\/index.php?rest_route=\/wp\/v2\/media\/2219"}],"wp:attachment":[{"href":"https:\/\/www.skinful.ee\/index.php?rest_route=%2Fwp%2Fv2%2Fmedia&parent=2209"}],"wp:term":[{"taxonomy":"product_brand","embeddable":true,"href":"https:\/\/www.skinful.ee\/index.php?rest_route=%2Fwp%2Fv2%2Fproduct_brand&post=2209"},{"taxonomy":"product_cat","embeddable":true,"href":"https:\/\/www.skinful.ee\/index.php?rest_route=%2Fwp%2Fv2%2Fproduct_cat&post=2209"},{"taxonomy":"product_tag","embeddable":true,"href":"https:\/\/www.skinful.ee\/index.php?rest_route=%2Fwp%2Fv2%2Fproduct_tag&post=2209"}],"curies":[{"name":"wp","href":"https:\/\/api.w.org\/{rel}","templated":true}]}}