{"id":2454,"date":"2025-05-17T08:22:37","date_gmt":"2025-05-17T08:22:37","guid":{"rendered":"https:\/\/www.skinful.ee\/?post_type=product&#038;p=2454"},"modified":"2025-11-30T22:33:05","modified_gmt":"2025-11-30T22:33:05","slug":"medicube-pdrn-collagen-toning-gel-toner-pad-70-tk","status":"publish","type":"product","link":"https:\/\/www.skinful.ee\/?product=medicube-pdrn-collagen-toning-gel-toner-pad-70-tk","title":{"rendered":"Medicube PDRN Collagen Toning Gel Toner Pad 70 tk"},"content":{"rendered":"<p>Kasutamine: Puhasta n\u00e4onahk ning seej\u00e4rel kasuta padjakest \u00f5rnalt \u00fcle n\u00f6o, v\u00e4ltides silmade \u00fcmbrust.Maskina kasutades asetage padjake soovitud piirkonnale kuni 10 minutiks. Toniseeritud padjakese j\u00e4rgselt kanna nahale soovitud seerum ja n\u00e4okreem.<\/p>\n<p>&nbsp;<\/p>\n<p>Koostisosad: <span style=\"font-size: 16px; -webkit-text-size-adjust: 100%;\">Water, Glycerin, Methylpropanediol, Niacinamide, Xylitol, Hydroxyacetophenone, Octyldodeceth-16, Diglycerin, Allantoin, Cellulose Gum, Ethylhexylglycerin, Hydroxyethylcellulose, Sodium Citrate, Sodium Gluconate, Dipropylene Glycol, Adenosine, Butylene Glycol, 1,2-Hexanediol, Citric Acid, Cyanocobalamin, Anthemis Nobilis Flower Oil, Pyrus Communis (Pear) Fruit Extract, Rosa Damascena Flower Water, Prunus Persica (Peach) Fruit Extract, Thuja Orientalis Extract, Jasminum Officinale (Jasmine) Flower Water, Citrus Aurantium Amara (Bitter Orange) Flower Extract, Centella Asiatica Extract, Allium Cepa (Onion) Bulb Extract, Chamomilla Recutita (Matricaria) Extract, Salvia Officinalis (Sage) Extract, Rosmarinus Officinalis (Rosemary) Leaf Oil, Hedera Helix (Ivy) Leaf\/Stem Extract, Cucumis Melo (Melon) Fruit Extract, Hibiscus Esculentus Fruit Extract, Carum Petroselinum (Parsley) Extract, Corchorus Olitorius Leaf Extract, Polygonum Cuspidatum Root Extract, Collagen (2PPM), Artemisia Annua Extract, Nelumbium Speciosum Flower Extract, Oryza Sativa (Rice) Extract, Saccharomyces Ferment, Sodium DNA (1PPM), Capryloyl Salicylic Acid, Caprylic\/Capric Triglyceride, Hydrogenated Phosphatidylcholine, Sucrose Stearate, Phaseolus Radiatus Seed Extract, Hydrogenated Lecithin, Cetearyl Alcohol, Retinol, Polyglyceryl-10 Myristate, Tocopheryl Acetate, Asiaticoside, Madecassic Acid, Madecassoside, Asiatic Acid<\/span><\/p>\n","protected":false},"excerpt":{"rendered":"<p><b>Medicube PDRN Collagen Toning Gel Toner Pad<\/b> \u2013 Kollageeni ja PDRN-iga rikastatud tooniku padjakesed parandavad naha elastsust ja tooni ning tagavad naha intensiivse niisutuse ja v\u00e4rskuse.<\/p>\n<p>PDRN stimuleerib rakkude uuenemist, parandab vereringet ja kiirendab naha taastumist, samal ajal kui kollageen tugevdab naha struktuuri, suurendab elastsust ja silub peeneid kortsukesi.<\/p>\n<p>&nbsp;<\/p>\n","protected":false},"featured_media":2462,"comment_status":"open","ping_status":"closed","template":"","meta":{"site-sidebar-layout":"default","site-content-layout":"","ast-site-content-layout":"default","site-content-style":"default","site-sidebar-style":"default","ast-global-header-display":"","ast-banner-title-visibility":"","ast-main-header-display":"","ast-hfb-above-header-display":"","ast-hfb-below-header-display":"","ast-hfb-mobile-header-display":"","site-post-title":"","ast-breadcrumbs-content":"","ast-featured-img":"","footer-sml-layout":"","theme-transparent-header-meta":"default","adv-header-id-meta":"","stick-header-meta":"","header-above-stick-meta":"","header-main-stick-meta":"","header-below-stick-meta":"","astra-migrate-meta-layouts":"set","ast-page-background-enabled":"default","ast-page-background-meta":{"desktop":{"background-color":"var(--ast-global-color-4)","background-image":"","background-repeat":"repeat","background-position":"center center","background-size":"auto","background-attachment":"scroll","background-type":"","background-media":"","overlay-type":"","overlay-color":"","overlay-opacity":"","overlay-gradient":""},"tablet":{"background-color":"","background-image":"","background-repeat":"repeat","background-position":"center center","background-size":"auto","background-attachment":"scroll","background-type":"","background-media":"","overlay-type":"","overlay-color":"","overlay-opacity":"","overlay-gradient":""},"mobile":{"background-color":"","background-image":"","background-repeat":"repeat","background-position":"center center","background-size":"auto","background-attachment":"scroll","background-type":"","background-media":"","overlay-type":"","overlay-color":"","overlay-opacity":"","overlay-gradient":""}},"ast-content-background-meta":{"desktop":{"background-color":"var(--ast-global-color-5)","background-image":"","background-repeat":"repeat","background-position":"center center","background-size":"auto","background-attachment":"scroll","background-type":"","background-media":"","overlay-type":"","overlay-color":"","overlay-opacity":"","overlay-gradient":""},"tablet":{"background-color":"var(--ast-global-color-5)","background-image":"","background-repeat":"repeat","background-position":"center center","background-size":"auto","background-attachment":"scroll","background-type":"","background-media":"","overlay-type":"","overlay-color":"","overlay-opacity":"","overlay-gradient":""},"mobile":{"background-color":"var(--ast-global-color-5)","background-image":"","background-repeat":"repeat","background-position":"center center","background-size":"auto","background-attachment":"scroll","background-type":"","background-media":"","overlay-type":"","overlay-color":"","overlay-opacity":"","overlay-gradient":""}}},"product_brand":[],"product_cat":[32],"product_tag":[],"class_list":{"0":"post-2454","1":"product","2":"type-product","3":"status-publish","4":"has-post-thumbnail","6":"product_cat-naotoonik","7":"desktop-align-left","8":"tablet-align-left","9":"mobile-align-left","11":"first","12":"instock","13":"shipping-taxable","14":"purchasable","15":"product-type-simple"},"_links":{"self":[{"href":"https:\/\/www.skinful.ee\/index.php?rest_route=\/wp\/v2\/product\/2454","targetHints":{"allow":["GET"]}}],"collection":[{"href":"https:\/\/www.skinful.ee\/index.php?rest_route=\/wp\/v2\/product"}],"about":[{"href":"https:\/\/www.skinful.ee\/index.php?rest_route=\/wp\/v2\/types\/product"}],"replies":[{"embeddable":true,"href":"https:\/\/www.skinful.ee\/index.php?rest_route=%2Fwp%2Fv2%2Fcomments&post=2454"}],"wp:featuredmedia":[{"embeddable":true,"href":"https:\/\/www.skinful.ee\/index.php?rest_route=\/wp\/v2\/media\/2462"}],"wp:attachment":[{"href":"https:\/\/www.skinful.ee\/index.php?rest_route=%2Fwp%2Fv2%2Fmedia&parent=2454"}],"wp:term":[{"taxonomy":"product_brand","embeddable":true,"href":"https:\/\/www.skinful.ee\/index.php?rest_route=%2Fwp%2Fv2%2Fproduct_brand&post=2454"},{"taxonomy":"product_cat","embeddable":true,"href":"https:\/\/www.skinful.ee\/index.php?rest_route=%2Fwp%2Fv2%2Fproduct_cat&post=2454"},{"taxonomy":"product_tag","embeddable":true,"href":"https:\/\/www.skinful.ee\/index.php?rest_route=%2Fwp%2Fv2%2Fproduct_tag&post=2454"}],"curies":[{"name":"wp","href":"https:\/\/api.w.org\/{rel}","templated":true}]}}