{"id":2465,"date":"2025-05-17T08:41:15","date_gmt":"2025-05-17T08:41:15","guid":{"rendered":"https:\/\/www.skinful.ee\/?post_type=product&#038;p=2465"},"modified":"2026-01-04T20:03:26","modified_gmt":"2026-01-04T20:03:26","slug":"medicube-pdrn-pink-peptide-eye-cream-30ml","status":"publish","type":"product","link":"https:\/\/www.skinful.ee\/?product=medicube-pdrn-pink-peptide-eye-cream-30ml","title":{"rendered":"Medicube PDRN Pink Peptide Eye Cream 30ml"},"content":{"rendered":"<p>Kasutamine: P\u00e4rast naha puhastamist kandke v\u00e4ike kogus kreemi silma\u00fcmbrusele. Tupsutage \u00f5rnalt s\u00f5rmeotstega, kuni see on t\u00e4ielikult imendunud. Kasutage hommikul ja \u00f5htul, et saavutada parim tulemus.<\/p>\n<p>&nbsp;<\/p>\n<p>Koostisosad: Water, Glycerin, Dipropylene Glycol, Niacinamide, Caprylic\/Capric Triglyceride, Pentaerythrityl Tetraethylhexanoate, Cetearyl Alcohol, Glycereth-26, Butylene Glycol Dicaprylate\/Dicaprate, Bis-Behenyl\/Isostearyl\/Phytosteryl Dimer Dilinoleyl Dimer Dilinoleate, Cetearyl Olivate, Sorbitan Olivate, Propylene Glycol Dibenzoate, Pullulan, 1,2-Hexanediol, Glyceryl Stearate, Vinyl Dimethicone, Hydroxyacetophenone, Hydroxyethyl Acrylate\/Sodium Acryloyldimethyl Taurate Copolymer, Hydrogenated Lecithin, Sodium Acrylate\/Sodium Acryloyldimethyl Taurate Copolymer, Sodium DNA, Polyisobutene, Butylene Glycol, Ethylhexylglycerin, Propanediol, Melia Azadirachta Leaf Extract, Adenosine, Melia Azadirachta Flower Extract, Curcuma Longa (Turmeric) Root Extract, Sorbitan Isostearate, Sorbitan Oleate, Caprylyl\/Capryl Glucoside, Fragaria Chiloensis (Strawberry) Fruit Extract, Hedera Helix (Ivy) Leaf\/Stem Extract, Cyanocobalamin, Citrus Nobilis (Mandarin Orange) Peel Extract, Retinol, Ocimum Sanctum Leaf Extract, Lespedeza Capitata Leaf\/Stem Extract, Corallina Officinalis Extract, Sodium Hyaluronate, Caffeine, Coffea Arabica (Coffee) Seed Extract, Hydrolyzed Extensin, Hydrolyzed Hyaluronic Acid, Copper Tripeptide-1, Sodium Acetylated Hyaluronate, Acetyl Hexapeptide-8, Palmitoyl Pentapeptide-4, Palmitoyl Tetrapeptide-7, Palmitoyl Tripeptide-1<\/p>\n","protected":false},"excerpt":{"rendered":"<p><strong>Medicube PDRN Pink Peptide Eye Cream<\/strong> on efektiivne silmakreem, mis aitab v\u00e4hendada tumedaid ringe, turseid ja kortse. Selle ainulaadne koostis sisaldab v\u00f5imsaid toimeaineid, mis hoolitsevad tundliku silma\u00fcmbruse naha eest.<\/p>\n<p>&nbsp;<\/p>\n<p><strong>Peamised koostisosad ja eelised:<\/strong><\/p>\n<p><strong>PDRN (pol\u00fcdeoks\u00fcribonukleotiid)<\/strong> \u2013 l\u00f5hepiimast saadud ekstrakt, mis soodustab naha uuenemist, parandab elastsust ja tugevust.<br \/>\n<strong>Retinool<\/strong> \u2013 stimuleerib rakkude uuenemist, silub kortse ja parandab naha tekstuuri.<br \/>\n<strong>Peptiidid<\/strong> \u2013 suurendavad kollageeni tootmist, aidates kaasa naha tugevdamisele ja pinguldamisele.<br \/>\n<strong>Niasiinamiid (vitamiin B3)<\/strong> \u2013 \u00fchtlustab nahatooni, v\u00e4hendab pigmentatsiooni ja tugevdab naha kaitsebarj\u00e4\u00e4ri.<br \/>\n<strong>Kofeiin<\/strong> \u2013 v\u00e4hendab turseid ja annab v\u00e4rskema ilme.<\/p>\n<p>Kliiniliselt t\u00f5estatud tulemused \u2013 regulaarne kasutamine aitab silmapiirkonna nahka m\u00e4rgatavalt parandada, muutes selle siledamaks, pringimaks ja s\u00e4ravamaks.<\/p>\n","protected":false},"featured_media":2466,"comment_status":"open","ping_status":"closed","template":"","meta":{"site-sidebar-layout":"default","site-content-layout":"","ast-site-content-layout":"default","site-content-style":"default","site-sidebar-style":"default","ast-global-header-display":"","ast-banner-title-visibility":"","ast-main-header-display":"","ast-hfb-above-header-display":"","ast-hfb-below-header-display":"","ast-hfb-mobile-header-display":"","site-post-title":"","ast-breadcrumbs-content":"","ast-featured-img":"","footer-sml-layout":"","theme-transparent-header-meta":"default","adv-header-id-meta":"","stick-header-meta":"","header-above-stick-meta":"","header-main-stick-meta":"","header-below-stick-meta":"","astra-migrate-meta-layouts":"set","ast-page-background-enabled":"default","ast-page-background-meta":{"desktop":{"background-color":"var(--ast-global-color-4)","background-image":"","background-repeat":"repeat","background-position":"center center","background-size":"auto","background-attachment":"scroll","background-type":"","background-media":"","overlay-type":"","overlay-color":"","overlay-opacity":"","overlay-gradient":""},"tablet":{"background-color":"","background-image":"","background-repeat":"repeat","background-position":"center center","background-size":"auto","background-attachment":"scroll","background-type":"","background-media":"","overlay-type":"","overlay-color":"","overlay-opacity":"","overlay-gradient":""},"mobile":{"background-color":"","background-image":"","background-repeat":"repeat","background-position":"center center","background-size":"auto","background-attachment":"scroll","background-type":"","background-media":"","overlay-type":"","overlay-color":"","overlay-opacity":"","overlay-gradient":""}},"ast-content-background-meta":{"desktop":{"background-color":"var(--ast-global-color-5)","background-image":"","background-repeat":"repeat","background-position":"center center","background-size":"auto","background-attachment":"scroll","background-type":"","background-media":"","overlay-type":"","overlay-color":"","overlay-opacity":"","overlay-gradient":""},"tablet":{"background-color":"var(--ast-global-color-5)","background-image":"","background-repeat":"repeat","background-position":"center center","background-size":"auto","background-attachment":"scroll","background-type":"","background-media":"","overlay-type":"","overlay-color":"","overlay-opacity":"","overlay-gradient":""},"mobile":{"background-color":"var(--ast-global-color-5)","background-image":"","background-repeat":"repeat","background-position":"center center","background-size":"auto","background-attachment":"scroll","background-type":"","background-media":"","overlay-type":"","overlay-color":"","overlay-opacity":"","overlay-gradient":""}}},"product_brand":[],"product_cat":[35],"product_tag":[],"class_list":{"0":"post-2465","1":"product","2":"type-product","3":"status-publish","4":"has-post-thumbnail","6":"product_cat-silmakreemid","7":"desktop-align-left","8":"tablet-align-left","9":"mobile-align-left","11":"first","12":"outofstock","13":"shipping-taxable","14":"purchasable","15":"product-type-simple"},"_links":{"self":[{"href":"https:\/\/www.skinful.ee\/index.php?rest_route=\/wp\/v2\/product\/2465","targetHints":{"allow":["GET"]}}],"collection":[{"href":"https:\/\/www.skinful.ee\/index.php?rest_route=\/wp\/v2\/product"}],"about":[{"href":"https:\/\/www.skinful.ee\/index.php?rest_route=\/wp\/v2\/types\/product"}],"replies":[{"embeddable":true,"href":"https:\/\/www.skinful.ee\/index.php?rest_route=%2Fwp%2Fv2%2Fcomments&post=2465"}],"wp:featuredmedia":[{"embeddable":true,"href":"https:\/\/www.skinful.ee\/index.php?rest_route=\/wp\/v2\/media\/2466"}],"wp:attachment":[{"href":"https:\/\/www.skinful.ee\/index.php?rest_route=%2Fwp%2Fv2%2Fmedia&parent=2465"}],"wp:term":[{"taxonomy":"product_brand","embeddable":true,"href":"https:\/\/www.skinful.ee\/index.php?rest_route=%2Fwp%2Fv2%2Fproduct_brand&post=2465"},{"taxonomy":"product_cat","embeddable":true,"href":"https:\/\/www.skinful.ee\/index.php?rest_route=%2Fwp%2Fv2%2Fproduct_cat&post=2465"},{"taxonomy":"product_tag","embeddable":true,"href":"https:\/\/www.skinful.ee\/index.php?rest_route=%2Fwp%2Fv2%2Fproduct_tag&post=2465"}],"curies":[{"name":"wp","href":"https:\/\/api.w.org\/{rel}","templated":true}]}}