{"id":2469,"date":"2025-05-17T08:47:57","date_gmt":"2025-05-17T08:47:57","guid":{"rendered":"https:\/\/www.skinful.ee\/?post_type=product&#038;p=2469"},"modified":"2026-03-23T10:06:45","modified_gmt":"2026-03-23T10:06:45","slug":"medicube-pdrn-lip-sleeping-mask-10g","status":"publish","type":"product","link":"https:\/\/www.skinful.ee\/?product=medicube-pdrn-lip-sleeping-mask-10g","title":{"rendered":"Medicube PDRN Lip Sleeping Mask 10g"},"content":{"rendered":"<p>Kasutamine: Kanna v\u00e4ike kogus toodet puhastele huultele enne magamaminekut ning j\u00e4ta \u00f6\u00f6seks m\u00f5juma. Hommikul eemaldada vajadusel \u00f5rnalt \u00fcleliigne toode ja nautida siidpehmeid huuli. Soovi korral kasuta toodet ka p\u00e4evasel ajal!<\/p>\n<p>&nbsp;<\/p>\n<p>Koostisosad: Diisostearyl Malate, Phytosteryl\/Isostearyl\/Cetyl\/Stearyl\/Behenyl Dimer Dilinoleate, Butyrospermum Parkii (Shea) Butter, Polyisobutene, Hydrogenated Polydecene, Microcrystalline Wax, Ceresin, Dipropylene Glycol, Glycerin, Bisabolol, Water, Titanium Dioxide, Caprylic\/Capric Triglyceride, Silica Dimethyl Silylate, Polyglyceryl-10 Oleate, Hydrogenated Lecithin, Lauryl Polyglyceryl-3 Polydimethylsiloxyethyl Dimethicone, Polyhydroxystearic Acid, Adenosine, Alumina, Stearic Acid, Aluminum Hydroxide, D&amp;C Red No. 30, Manganese Violet, FD&amp;C Blue No. 1, Camellia Japonica Seed Oil, Sodium DNA, Tocopherol, Butylene Glycol, 1,2-Hexanediol, Akebia Quinata Extract, Caprylyl\/Capryl Glucoside, Propanediol, Hydrolyzed Collagen, Camellia Japonica Flower Extract, Polyglyceryl-10 Laurate, Acetyl Tetrapeptide-5, Acetyl Hexapeptide-8, Carnosine, Palmitoyl Tripeptide-5, Palmitoyl Tetrapeptide-7, Yeast Beta-Glucan<\/p>\n","protected":false},"excerpt":{"rendered":"<p class=\"\" data-start=\"233\" data-end=\"428\"><strong>MEDICUBE PDRN Lip Sleeping Mask<\/strong> on intensiivselt niisutav ja huuli taastav \u00f6ine huulemask, mis muudab huuled pehmeks ja niisutatuks.<\/p>\n<p class=\"\" data-start=\"233\" data-end=\"428\"><strong style=\"font-size: 16px; -webkit-text-size-adjust: 100%;\" data-start=\"433\" data-end=\"450\">S\u00fcgavniisutus<\/strong><span style=\"font-size: 16px; -webkit-text-size-adjust: 100%;\"> \u2013 rikastatud PDRN-iga (pol\u00fcdeoks\u00fcribonukleotiid), mis on tuntud oma taastavate omaduste poolest.<\/span><\/p>\n<p class=\"\" data-start=\"430\" data-end=\"915\"><strong data-start=\"553\" data-end=\"584\">Rahustav ja taastav koostis<\/strong> \u2013 sisaldab niisutavaid ja rahustavaid komponente, mis parandavad l\u00f5henenud ja kuiva huulenahka.<br data-start=\"680\" data-end=\"683\" \/><strong data-start=\"686\" data-end=\"712\">\u00d5rn ja toitev tekstuur<\/strong> \u2013 kreemjas, kuid mittekleepuv koostis loob kaitsekihi, hoides \u00e4ra niiskuskao une ajal.<br data-start=\"799\" data-end=\"802\" \/><strong data-start=\"805\" data-end=\"843\">Meeldiv l\u00f5hn ja siidine viimistlus<\/strong> \u2013 ideaalne igap\u00e4evaseks kasutamiseks, eriti k\u00fclmal ja kuival perioodil.<\/p>\n<p data-start=\"922\" data-end=\"951\"><strong data-start=\"926\" data-end=\"951\"><br \/>\nPeamised koostisosad:<\/strong><\/p>\n<ul data-start=\"952\" data-end=\"1231\">\n<li class=\"\" data-start=\"952\" data-end=\"1031\">\n<p class=\"\" data-start=\"954\" data-end=\"1031\"><strong data-start=\"954\" data-end=\"971\">PDRN (300ppm)<\/strong> \u2013 soodustab rakkude uuenemist ja kiirendab naha taastumist.<\/p>\n<\/li>\n<li class=\"\" data-start=\"1032\" data-end=\"1101\">\n<p class=\"\" data-start=\"1034\" data-end=\"1101\"><strong data-start=\"1034\" data-end=\"1060\">Sheav\u00f5i ja mesilasvaha<\/strong> \u2013 toidavad ja pehmendavad intensiivselt.<\/p>\n<\/li>\n<li class=\"\" data-start=\"1102\" data-end=\"1158\">\n<p class=\"\" data-start=\"1104\" data-end=\"1158\"><strong data-start=\"1104\" data-end=\"1121\">H\u00fcaluroonhape<\/strong> \u2013 tagab s\u00fcgava niisutuse ja vol\u00fc\u00fcmi.<\/p>\n<\/li>\n<li class=\"\" data-start=\"1159\" data-end=\"1231\">\n<p class=\"\" data-start=\"1161\" data-end=\"1231\"><strong data-start=\"1161\" data-end=\"1175\">E-vitamiin<\/strong> \u2013 antioks\u00fcdant, mis kaitseb huuli keskkonnam\u00f5jude eest.<\/p>\n<\/li>\n<\/ul>\n<p>Niisutav Medicube huulemask sobib ideaalselt ka p\u00e4evaseks kasutuseks, et pakkuda kuivadele huultele niisutust!<\/p>\n","protected":false},"featured_media":2470,"comment_status":"open","ping_status":"closed","template":"","meta":{"site-sidebar-layout":"default","site-content-layout":"","ast-site-content-layout":"default","site-content-style":"default","site-sidebar-style":"default","ast-global-header-display":"","ast-banner-title-visibility":"","ast-main-header-display":"","ast-hfb-above-header-display":"","ast-hfb-below-header-display":"","ast-hfb-mobile-header-display":"","site-post-title":"","ast-breadcrumbs-content":"","ast-featured-img":"","footer-sml-layout":"","theme-transparent-header-meta":"default","adv-header-id-meta":"","stick-header-meta":"","header-above-stick-meta":"","header-main-stick-meta":"","header-below-stick-meta":"","astra-migrate-meta-layouts":"set","ast-page-background-enabled":"default","ast-page-background-meta":{"desktop":{"background-color":"var(--ast-global-color-4)","background-image":"","background-repeat":"repeat","background-position":"center center","background-size":"auto","background-attachment":"scroll","background-type":"","background-media":"","overlay-type":"","overlay-color":"","overlay-opacity":"","overlay-gradient":""},"tablet":{"background-color":"","background-image":"","background-repeat":"repeat","background-position":"center center","background-size":"auto","background-attachment":"scroll","background-type":"","background-media":"","overlay-type":"","overlay-color":"","overlay-opacity":"","overlay-gradient":""},"mobile":{"background-color":"","background-image":"","background-repeat":"repeat","background-position":"center center","background-size":"auto","background-attachment":"scroll","background-type":"","background-media":"","overlay-type":"","overlay-color":"","overlay-opacity":"","overlay-gradient":""}},"ast-content-background-meta":{"desktop":{"background-color":"var(--ast-global-color-5)","background-image":"","background-repeat":"repeat","background-position":"center center","background-size":"auto","background-attachment":"scroll","background-type":"","background-media":"","overlay-type":"","overlay-color":"","overlay-opacity":"","overlay-gradient":""},"tablet":{"background-color":"var(--ast-global-color-5)","background-image":"","background-repeat":"repeat","background-position":"center center","background-size":"auto","background-attachment":"scroll","background-type":"","background-media":"","overlay-type":"","overlay-color":"","overlay-opacity":"","overlay-gradient":""},"mobile":{"background-color":"var(--ast-global-color-5)","background-image":"","background-repeat":"repeat","background-position":"center center","background-size":"auto","background-attachment":"scroll","background-type":"","background-media":"","overlay-type":"","overlay-color":"","overlay-opacity":"","overlay-gradient":""}}},"product_brand":[],"product_cat":[36],"product_tag":[],"class_list":{"0":"post-2469","1":"product","2":"type-product","3":"status-publish","4":"has-post-thumbnail","6":"product_cat-huuled","7":"desktop-align-left","8":"tablet-align-left","9":"mobile-align-left","11":"first","12":"instock","13":"shipping-taxable","14":"purchasable","15":"product-type-simple"},"_links":{"self":[{"href":"https:\/\/www.skinful.ee\/index.php?rest_route=\/wp\/v2\/product\/2469","targetHints":{"allow":["GET"]}}],"collection":[{"href":"https:\/\/www.skinful.ee\/index.php?rest_route=\/wp\/v2\/product"}],"about":[{"href":"https:\/\/www.skinful.ee\/index.php?rest_route=\/wp\/v2\/types\/product"}],"replies":[{"embeddable":true,"href":"https:\/\/www.skinful.ee\/index.php?rest_route=%2Fwp%2Fv2%2Fcomments&post=2469"}],"wp:featuredmedia":[{"embeddable":true,"href":"https:\/\/www.skinful.ee\/index.php?rest_route=\/wp\/v2\/media\/2470"}],"wp:attachment":[{"href":"https:\/\/www.skinful.ee\/index.php?rest_route=%2Fwp%2Fv2%2Fmedia&parent=2469"}],"wp:term":[{"taxonomy":"product_brand","embeddable":true,"href":"https:\/\/www.skinful.ee\/index.php?rest_route=%2Fwp%2Fv2%2Fproduct_brand&post=2469"},{"taxonomy":"product_cat","embeddable":true,"href":"https:\/\/www.skinful.ee\/index.php?rest_route=%2Fwp%2Fv2%2Fproduct_cat&post=2469"},{"taxonomy":"product_tag","embeddable":true,"href":"https:\/\/www.skinful.ee\/index.php?rest_route=%2Fwp%2Fv2%2Fproduct_tag&post=2469"}],"curies":[{"name":"wp","href":"https:\/\/api.w.org\/{rel}","templated":true}]}}