{"id":2523,"date":"2025-08-22T18:58:49","date_gmt":"2025-08-22T18:58:49","guid":{"rendered":"https:\/\/www.skinful.ee\/?post_type=product&#038;p=2523"},"modified":"2025-11-30T22:31:18","modified_gmt":"2025-11-30T22:31:18","slug":"medicube-pdrn-pink-collagen-capsule-cream-55g","status":"publish","type":"product","link":"https:\/\/www.skinful.ee\/?product=medicube-pdrn-pink-collagen-capsule-cream-55g","title":{"rendered":"Medicube PDRN Pink Collagen Capsule cream 55g"},"content":{"rendered":"<p>Kasutamine: P\u00e4rast puhastamist ja toniseerimist masseerige \u00f5rnalt vajalik kogus toodet nahale ja tupsutage, et see paremini imenduks. Parimateks tulemusteks kasuta toodet nii hommikul kui \u00f5htul.<\/p>\n<p>&nbsp;<\/p>\n<p>Koostisosad: <span style=\"font-size: 16px; -webkit-text-size-adjust: 100%;\">Water, Glycerin, Niacinamide, Methylpropanediol, Propanediol, 1,2-Hexanediol, Dipropylene Glycol, Caprylic\/Capric Triglyceride, Glycereth-26, Arginine, Butylene Glycol, Ethylhexyl Palmitate, Cetearyl Alcohol, Carbomer, Cetearyl Olivate, Sorbitan Olivate, Ammonium Acryloyldimethyltaurate\/VP Copolymer, Simethicone, Eclipta Prostrata Extract, Ethylhexylglycerin, Adenosine, Polyacrylate-13, Sodium DNA, Disodium EDTA, Melia Azadirachta Leaf Extract, Polyisobutene, Hydrolyzed Sclerotium Gum, Glyceryl Stearate, Moringa Oleifera Seed Oil, Polysorbate 20, Sorbitan Isostearate, Sodium Hyaluronate, Glutathione, Octyldodecanol, Hydroxypropyltrimonium Hyaluronate, Salmon Egg Extract, Hydrogenated Lecithin, Ceramide NP, Cyanocobalamin, Thioctic Acid, Hydrolyzed Hyaluronic Acid, Hydrolyzed Collagen Extract, Sodium Acetylated Hyaluronate, Acetyl Hexapeptide-8, Copper Tripeptide-1, Hyaluronic Acid, Caprylyl Glycol, Palmitoyl Pentapeptide-4, Hydrolyzed Sodium Hyaluronate, Palmitoyl Hexapeptide-12, Sodium Hyaluronate Crosspolymer, Potassium Hyaluronate<\/span><\/p>\n","protected":false},"excerpt":{"rendered":"<p>Populaarne<strong> Medicube PDRN Pink Collagen Capsel n\u00e4okreem<\/strong> pakub nahale intensiivset niisutust, v\u00e4hendab pigmendilaigukesi, \u00fchtlustab nahatooni ja annab sellele terve ja kauni s\u00e4ra. Koostises sisalduv <em>l\u00f5he dna (pdrn) <\/em>aitab stimuleerida kollageeni tootmist ning v\u00e4hendab m\u00e4rgatavalt peeneid kortsukesi ja vananemisilminguid.<\/p>\n<p>&nbsp;<\/p>\n<p>Peamised koostisosad:<\/p>\n<p><strong><em>Niatsinamiid<\/em><\/strong> &#8211; muudab tumedad laigukesed heledamaks, \u00fchtlustab jumet ning tugevdab naha kaitsemarj\u00e4\u00e4ri. Samuti aitab see pakkuda nahale intensiivset niisutust andes nahale <em>healthy glow!<\/em><\/p>\n<p><em><strong>L\u00f5he PDRN<\/strong> &#8211; <\/em>parandab rakkude ainevahetust, soodustab kahjustatud kudede taastumist ja toetab naha tervist. Aktiveerib kollageeni tootmise ja suurendab elastsust, aidates v\u00e4hendada kortsude n\u00e4htavust ja tugevdada nahka<em>.<\/em><\/p>\n<p><em><strong>Peptiidid<\/strong><\/em> &#8211; \u00a0stimuleerivad kollageeni tootmist ning aitavad parandada naha elastsust ja \u00fcldist seisukorda.<\/p>\n","protected":false},"featured_media":2524,"comment_status":"open","ping_status":"closed","template":"","meta":{"site-sidebar-layout":"default","site-content-layout":"","ast-site-content-layout":"default","site-content-style":"default","site-sidebar-style":"default","ast-global-header-display":"","ast-banner-title-visibility":"","ast-main-header-display":"","ast-hfb-above-header-display":"","ast-hfb-below-header-display":"","ast-hfb-mobile-header-display":"","site-post-title":"","ast-breadcrumbs-content":"","ast-featured-img":"","footer-sml-layout":"","theme-transparent-header-meta":"default","adv-header-id-meta":"","stick-header-meta":"","header-above-stick-meta":"","header-main-stick-meta":"","header-below-stick-meta":"","astra-migrate-meta-layouts":"set","ast-page-background-enabled":"default","ast-page-background-meta":{"desktop":{"background-color":"var(--ast-global-color-4)","background-image":"","background-repeat":"repeat","background-position":"center center","background-size":"auto","background-attachment":"scroll","background-type":"","background-media":"","overlay-type":"","overlay-color":"","overlay-opacity":"","overlay-gradient":""},"tablet":{"background-color":"","background-image":"","background-repeat":"repeat","background-position":"center center","background-size":"auto","background-attachment":"scroll","background-type":"","background-media":"","overlay-type":"","overlay-color":"","overlay-opacity":"","overlay-gradient":""},"mobile":{"background-color":"","background-image":"","background-repeat":"repeat","background-position":"center center","background-size":"auto","background-attachment":"scroll","background-type":"","background-media":"","overlay-type":"","overlay-color":"","overlay-opacity":"","overlay-gradient":""}},"ast-content-background-meta":{"desktop":{"background-color":"var(--ast-global-color-5)","background-image":"","background-repeat":"repeat","background-position":"center center","background-size":"auto","background-attachment":"scroll","background-type":"","background-media":"","overlay-type":"","overlay-color":"","overlay-opacity":"","overlay-gradient":""},"tablet":{"background-color":"var(--ast-global-color-5)","background-image":"","background-repeat":"repeat","background-position":"center center","background-size":"auto","background-attachment":"scroll","background-type":"","background-media":"","overlay-type":"","overlay-color":"","overlay-opacity":"","overlay-gradient":""},"mobile":{"background-color":"var(--ast-global-color-5)","background-image":"","background-repeat":"repeat","background-position":"center center","background-size":"auto","background-attachment":"scroll","background-type":"","background-media":"","overlay-type":"","overlay-color":"","overlay-opacity":"","overlay-gradient":""}}},"product_brand":[],"product_cat":[24],"product_tag":[],"class_list":{"0":"post-2523","1":"product","2":"type-product","3":"status-publish","4":"has-post-thumbnail","6":"product_cat-kreemid","7":"desktop-align-left","8":"tablet-align-left","9":"mobile-align-left","11":"first","12":"outofstock","13":"shipping-taxable","14":"purchasable","15":"product-type-simple"},"_links":{"self":[{"href":"https:\/\/www.skinful.ee\/index.php?rest_route=\/wp\/v2\/product\/2523","targetHints":{"allow":["GET"]}}],"collection":[{"href":"https:\/\/www.skinful.ee\/index.php?rest_route=\/wp\/v2\/product"}],"about":[{"href":"https:\/\/www.skinful.ee\/index.php?rest_route=\/wp\/v2\/types\/product"}],"replies":[{"embeddable":true,"href":"https:\/\/www.skinful.ee\/index.php?rest_route=%2Fwp%2Fv2%2Fcomments&post=2523"}],"wp:featuredmedia":[{"embeddable":true,"href":"https:\/\/www.skinful.ee\/index.php?rest_route=\/wp\/v2\/media\/2524"}],"wp:attachment":[{"href":"https:\/\/www.skinful.ee\/index.php?rest_route=%2Fwp%2Fv2%2Fmedia&parent=2523"}],"wp:term":[{"taxonomy":"product_brand","embeddable":true,"href":"https:\/\/www.skinful.ee\/index.php?rest_route=%2Fwp%2Fv2%2Fproduct_brand&post=2523"},{"taxonomy":"product_cat","embeddable":true,"href":"https:\/\/www.skinful.ee\/index.php?rest_route=%2Fwp%2Fv2%2Fproduct_cat&post=2523"},{"taxonomy":"product_tag","embeddable":true,"href":"https:\/\/www.skinful.ee\/index.php?rest_route=%2Fwp%2Fv2%2Fproduct_tag&post=2523"}],"curies":[{"name":"wp","href":"https:\/\/api.w.org\/{rel}","templated":true}]}}