{"id":2534,"date":"2025-08-22T19:49:36","date_gmt":"2025-08-22T19:49:36","guid":{"rendered":"https:\/\/www.skinful.ee\/?post_type=product&#038;p=2534"},"modified":"2025-11-30T22:30:17","modified_gmt":"2025-11-30T22:30:17","slug":"haruharu-wonder-black-rice-probiotics-barrier-essence-milky-essence-120ml","status":"publish","type":"product","link":"https:\/\/www.skinful.ee\/?product=haruharu-wonder-black-rice-probiotics-barrier-essence-milky-essence-120ml","title":{"rendered":"Haruharu Wonder Black Rice Probiotics Barrier Essence (Milky Essence) &#8211; 120ml"},"content":{"rendered":"<p>Kasutamine: <span style=\"font-size: 16px; -webkit-text-size-adjust: 100%;\">Enne kasutamist loksutage \u00f5rnalt pudelit. Kandke paar tilka essentsi niiskele n\u00e4o- ja kaelanahale, jaotage \u00fchtlaselt ning patsutage kuni t\u00e4ieliku imendumiseni. Kanna nahale oma lemmik n\u00e4okreem!<\/span><\/p>\n<p>&nbsp;<\/p>\n<p>Koostisosad: Water, Butylene Glycol, Helianthus Annuus (Sunflower) Seed Oil, Caprylic\/Capric Triglyceride, Hydrogenated Polyisobutene, Limnanthes Alba (Meadowfoam) Seed Oil, Butylene Glycol Dicaprylate\/Dicaprate, 1,2-Hexanediol, Potassium Cetyl Phosphate, Cetearyl Alcohol, Hydroxyacetophenone, Glycerin, Glyceryl Stearate, Oryza Sativa (Rice) Phyllostachys Pubescens Shoot Bark Extract (2,OOOppm), Hydrogenated Lecithin, Polyglyceryl-10 Laurate, Polyglyceryl-3 Methylglucose Distearate, Xanthan Gum, Galactomyces Ferment Panthenol, Bifida Ferment Aspergillus Ferment, Ethylhexylglycerin, Acrylates\/CIO-30 Alkyl Acrylate Crosspolymer, Ceramide NP, Disodium EDTA, Pentylene Glycol, Tromethamine, Butyrospermum Parkii (Shea) Butter, Phytosterols, Oryza Sativa (Rice) Lees Extract(100ppm), Panax Ginseng Root Extract, Stearic Acid, Palmitic Acid, Caprylyl Glycol, Squalane, Hydrolyzed Wheat Protein, Cyclodextrin, Arachidic Acid, Myristic Acid, Oleic Acid, Ceramide NS, Phytosphingosine, Cholesterol, Ceramide AS, Ceramide AP, Ceramide EOP<\/p>\n","protected":false},"excerpt":{"rendered":"<p><strong>Haruharu Wonder Black Rice Probiotics Barrier Essence <\/strong>on nahka taastav piimjas essents, mis sisaldab rikkalikku segu fermenteeritud koostisosadest ja lipiididest, et tugevdada ja taastada naha kaitsebarj\u00e4\u00e4ri.<\/p>\n<p>Toode sisaldab keramiidide, kolesterooli ja rasvhapete kompleksi optimaalses vahekorras 3:1:1, mis niisutab s\u00fcgavalt, silub naha tekstuuri ja aitab hoida niiskust. Valemit t\u00e4iendavad fermenteeritud musta riisi ja riisikliide ekstraktid, samuti probiotikumid, mis parandavad elastsust, rahustavad ja kaitsevad nahka. Kreemjas-piimjas tekstuur imendub kiiresti, ei j\u00e4ta kleepuvat tunnet ega koorma nahka.<\/p>\n<p><strong><em>KLIENTIDE LEMMIK &#8211; Rhode milky essence dupe!<\/em><\/strong><\/p>\n","protected":false},"featured_media":2535,"comment_status":"open","ping_status":"closed","template":"","meta":{"site-sidebar-layout":"default","site-content-layout":"","ast-site-content-layout":"default","site-content-style":"default","site-sidebar-style":"default","ast-global-header-display":"","ast-banner-title-visibility":"","ast-main-header-display":"","ast-hfb-above-header-display":"","ast-hfb-below-header-display":"","ast-hfb-mobile-header-display":"","site-post-title":"","ast-breadcrumbs-content":"","ast-featured-img":"","footer-sml-layout":"","theme-transparent-header-meta":"default","adv-header-id-meta":"","stick-header-meta":"","header-above-stick-meta":"","header-main-stick-meta":"","header-below-stick-meta":"","astra-migrate-meta-layouts":"set","ast-page-background-enabled":"default","ast-page-background-meta":{"desktop":{"background-color":"var(--ast-global-color-4)","background-image":"","background-repeat":"repeat","background-position":"center center","background-size":"auto","background-attachment":"scroll","background-type":"","background-media":"","overlay-type":"","overlay-color":"","overlay-opacity":"","overlay-gradient":""},"tablet":{"background-color":"","background-image":"","background-repeat":"repeat","background-position":"center center","background-size":"auto","background-attachment":"scroll","background-type":"","background-media":"","overlay-type":"","overlay-color":"","overlay-opacity":"","overlay-gradient":""},"mobile":{"background-color":"","background-image":"","background-repeat":"repeat","background-position":"center center","background-size":"auto","background-attachment":"scroll","background-type":"","background-media":"","overlay-type":"","overlay-color":"","overlay-opacity":"","overlay-gradient":""}},"ast-content-background-meta":{"desktop":{"background-color":"var(--ast-global-color-5)","background-image":"","background-repeat":"repeat","background-position":"center center","background-size":"auto","background-attachment":"scroll","background-type":"","background-media":"","overlay-type":"","overlay-color":"","overlay-opacity":"","overlay-gradient":""},"tablet":{"background-color":"var(--ast-global-color-5)","background-image":"","background-repeat":"repeat","background-position":"center center","background-size":"auto","background-attachment":"scroll","background-type":"","background-media":"","overlay-type":"","overlay-color":"","overlay-opacity":"","overlay-gradient":""},"mobile":{"background-color":"var(--ast-global-color-5)","background-image":"","background-repeat":"repeat","background-position":"center center","background-size":"auto","background-attachment":"scroll","background-type":"","background-media":"","overlay-type":"","overlay-color":"","overlay-opacity":"","overlay-gradient":""}}},"product_brand":[],"product_cat":[23],"product_tag":[],"class_list":{"0":"post-2534","1":"product","2":"type-product","3":"status-publish","4":"has-post-thumbnail","6":"product_cat-seerum","7":"desktop-align-left","8":"tablet-align-left","9":"mobile-align-left","11":"first","12":"instock","13":"shipping-taxable","14":"purchasable","15":"product-type-simple"},"_links":{"self":[{"href":"https:\/\/www.skinful.ee\/index.php?rest_route=\/wp\/v2\/product\/2534","targetHints":{"allow":["GET"]}}],"collection":[{"href":"https:\/\/www.skinful.ee\/index.php?rest_route=\/wp\/v2\/product"}],"about":[{"href":"https:\/\/www.skinful.ee\/index.php?rest_route=\/wp\/v2\/types\/product"}],"replies":[{"embeddable":true,"href":"https:\/\/www.skinful.ee\/index.php?rest_route=%2Fwp%2Fv2%2Fcomments&post=2534"}],"wp:featuredmedia":[{"embeddable":true,"href":"https:\/\/www.skinful.ee\/index.php?rest_route=\/wp\/v2\/media\/2535"}],"wp:attachment":[{"href":"https:\/\/www.skinful.ee\/index.php?rest_route=%2Fwp%2Fv2%2Fmedia&parent=2534"}],"wp:term":[{"taxonomy":"product_brand","embeddable":true,"href":"https:\/\/www.skinful.ee\/index.php?rest_route=%2Fwp%2Fv2%2Fproduct_brand&post=2534"},{"taxonomy":"product_cat","embeddable":true,"href":"https:\/\/www.skinful.ee\/index.php?rest_route=%2Fwp%2Fv2%2Fproduct_cat&post=2534"},{"taxonomy":"product_tag","embeddable":true,"href":"https:\/\/www.skinful.ee\/index.php?rest_route=%2Fwp%2Fv2%2Fproduct_tag&post=2534"}],"curies":[{"name":"wp","href":"https:\/\/api.w.org\/{rel}","templated":true}]}}