{"id":2544,"date":"2025-08-22T20:06:04","date_gmt":"2025-08-22T20:06:04","guid":{"rendered":"https:\/\/www.skinful.ee\/?post_type=product&#038;p=2544"},"modified":"2026-03-07T11:07:05","modified_gmt":"2026-03-07T11:07:05","slug":"snp-real-active-firming-ampoule-mask-1tk","status":"publish","type":"product","link":"https:\/\/www.skinful.ee\/?product=snp-real-active-firming-ampoule-mask-1tk","title":{"rendered":"SNP Real Active Firming Ampoule Mask 1tk"},"content":{"rendered":"<p>Kasutamine: Kanna n\u00e4omask puhtale nahale 10-15 minutiks ning lase sellel m\u00f5juda, seej\u00e4rel patsuta seerumi \u00fclej\u00e4\u00e4k imendumiseni. Sobib kasutamiseks nii p\u00e4eval, kui ka \u00f5htul!<\/p>\n<p>&nbsp;<\/p>\n<p>Koostisosad: <span style=\"font-size: 16px; -webkit-text-size-adjust: 100%;\">Purified Water, Glycerin, Methylpropanediol, Ethylhexyl Palmitate, Panthenol, 1,2-Hexanediol, Hydroxyacetophenone, Dimethicone, Polysorbate 80, Sorbitan Sesquioleate, Allantoin, Xanthan Gum, Carbomer, Tromethamine, Fragrance, Adenosine, Dipotassium Glycyrrhizate, Butylene Glycol, Hydrolyzed Swiftlet Nest Extract, Lactobacillus Ferment Lysate, Pentylene Glycol, Atelocollagen, Desamidocollagen, Hydrolyzed Collagen, Soluble Collagen, Ethylhexylglycerin, Milk Protein Extract, Collagen Amino Acids, Copper Tripeptide-1, Procollagen, Acetyl Hexapeptide-8, Ceramide NP, Hydrogenated Lecithin, Glyceryl Stearate, Dipropylene Glycol, Oligopeptide-29, Oligopeptide-32, Palmitoyl Pentapeptide-4, Hydrolyzed Rice Protein, Cocooyl Hydrolyzed Soy Protein, Hydrolyzed Royal Jelly Protein, Hydrolyzed Wheat Protein.<\/span><\/p>\n<div id=\"importantInformation_feature_div\" class=\"celwidget\" data-feature-name=\"importantInformation\" data-csa-c-type=\"widget\" data-csa-c-content-id=\"importantInformation\" data-csa-c-slot-id=\"importantInformation_feature_div\" data-csa-c-asin=\"\" data-csa-c-is-in-initial-active-row=\"false\" data-csa-c-id=\"3f9cea-50ezdq-96onlg-6ywx2y\" data-cel-widget=\"importantInformation_feature_div\">\n<div id=\"important-information\" class=\"a-section a-spacing-extra-large bucket\">\n<div class=\"a-section content\">\n<p>&nbsp;<\/p>\n<\/div>\n<\/div>\n<\/div>\n<div id=\"services-widget-1_feature_div\" class=\"celwidget\" data-feature-name=\"services-widget-1\" data-csa-c-type=\"widget\" data-csa-c-content-id=\"services-widget-1\" data-csa-c-slot-id=\"services-widget-1_feature_div\" data-csa-c-asin=\"\" data-csa-c-is-in-initial-active-row=\"false\" data-csa-c-id=\"gi4ae6-oujtjv-u1bniu-rhu1e9\" data-cel-widget=\"services-widget-1_feature_div\">\n<div id=\"services-widget-1_feature_div\">\n<div id=\"services-widget-1_feature_div\"><\/div>\n<\/div>\n<\/div>\n<div id=\"services-widget-2_feature_div\" class=\"celwidget\" data-feature-name=\"services-widget-2\" data-csa-c-type=\"widget\" data-csa-c-content-id=\"services-widget-2\" data-csa-c-slot-id=\"services-widget-2_feature_div\" data-csa-c-asin=\"\" data-csa-c-is-in-initial-active-row=\"false\" data-csa-c-id=\"hatsjp-p369ud-kz65p2-hgrlgv\" data-cel-widget=\"services-widget-2_feature_div\">\n<div id=\"services-widget-2_feature_div\">\n<div id=\"services-widget-2_feature_div\"><\/div>\n<\/div>\n<\/div>\n<div id=\"click-to-call_feature_div\" class=\"celwidget\" data-feature-name=\"click-to-call\" data-csa-c-type=\"widget\" data-csa-c-content-id=\"click-to-call\" data-csa-c-slot-id=\"click-to-call_feature_div\" data-csa-c-asin=\"\" data-csa-c-is-in-initial-active-row=\"false\" data-csa-c-id=\"kp0xxd-gxocw5-saxl33-437gik\" data-cel-widget=\"click-to-call_feature_div\"><\/div>\n<div id=\"sponsoredProducts2_feature_div\" class=\"celwidget\" data-feature-name=\"sponsoredProducts2\" data-csa-c-type=\"widget\" data-csa-c-content-id=\"sponsoredProducts2\" data-csa-c-slot-id=\"sponsoredProducts2_feature_div\" data-csa-c-asin=\"\" data-csa-c-is-in-initial-active-row=\"false\" data-csa-c-id=\"9pr95w-9ym4d6-nodufu-hazlcu\" data-cel-widget=\"sponsoredProducts2_feature_div\"><\/div>\n<div id=\"sims-sponsoredProducts2_feature_div_01\" class=\"celwidget\" data-feature-name=\"sims-sponsoredProducts2\" data-csa-c-type=\"widget\" data-csa-c-content-id=\"sims-sponsoredProducts2\" data-csa-c-slot-id=\"sims-sponsoredProducts2_feature_div_01\" data-csa-c-asin=\"\" data-csa-c-is-in-initial-active-row=\"false\" data-csa-c-id=\"5zopzi-l8vy6j-l5shfd-qhztvw\" data-cel-widget=\"sims-sponsoredProducts2_feature_div_01\">\n<div class=\"celwidget pd_rd_w-6LkNy content-id-amzn1.sym.953c7d66-4120-4d22-a777-f19dbfa69309 pf_rd_p-953c7d66-4120-4d22-a777-f19dbfa69309 pf_rd_r-22JJV0M6JWC9RX7CT51T pd_rd_wg-c27NI pd_rd_r-e2a4743f-71ff-4cfc-aa99-2db6d78bcc9b\" data-csa-op-log-render=\"\" data-csa-c-content-id=\"amzn1.sym.953c7d66-4120-4d22-a777-f19dbfa69309\" data-csa-c-slot-id=\"sponsored-products-1\" data-csa-c-type=\"widget\" data-csa-c-painter=\"FirebirdPainter\" data-csa-c-id=\"2ael3j-f9w4dn-gy6jgf-wr63io\" data-cel-widget=\"desktop-dp-sims_SponsoredProductsSimsDp2Desktop\">\n<div data-csa-c-type=\"widget\" data-csa-c-slot-id=\"sp_detail2\" data-csa-c-id=\"ugzp42-a0ph5z-8o04yi-2nn2zk\"><\/div>\n<\/div>\n<\/div>\n","protected":false},"excerpt":{"rendered":"<p>K\u00f5rgelt konsentreeritud SNP Real Active Firming Ampoule n\u00e4omask pakub nahale intensiivset niisutust, muudab naha m\u00e4rgatavalt siledamaks ning pakub nahale pinguldavat toimet.<\/p>\n<p>Sisaldab 7 erinevat t\u00fc\u00fcpi peptiide ja kollageeni, mis tagavad naha elastsuse ja pehmuse. T\u00e4nu maski \u00f5hukesele ja siidjale tekstuurile, p\u00fcsib mask kindlalt nahal!<\/p>\n","protected":false},"featured_media":2545,"comment_status":"open","ping_status":"closed","template":"","meta":{"site-sidebar-layout":"default","site-content-layout":"","ast-site-content-layout":"default","site-content-style":"default","site-sidebar-style":"default","ast-global-header-display":"","ast-banner-title-visibility":"","ast-main-header-display":"","ast-hfb-above-header-display":"","ast-hfb-below-header-display":"","ast-hfb-mobile-header-display":"","site-post-title":"","ast-breadcrumbs-content":"","ast-featured-img":"","footer-sml-layout":"","theme-transparent-header-meta":"default","adv-header-id-meta":"","stick-header-meta":"","header-above-stick-meta":"","header-main-stick-meta":"","header-below-stick-meta":"","astra-migrate-meta-layouts":"set","ast-page-background-enabled":"default","ast-page-background-meta":{"desktop":{"background-color":"var(--ast-global-color-4)","background-image":"","background-repeat":"repeat","background-position":"center center","background-size":"auto","background-attachment":"scroll","background-type":"","background-media":"","overlay-type":"","overlay-color":"","overlay-opacity":"","overlay-gradient":""},"tablet":{"background-color":"","background-image":"","background-repeat":"repeat","background-position":"center center","background-size":"auto","background-attachment":"scroll","background-type":"","background-media":"","overlay-type":"","overlay-color":"","overlay-opacity":"","overlay-gradient":""},"mobile":{"background-color":"","background-image":"","background-repeat":"repeat","background-position":"center center","background-size":"auto","background-attachment":"scroll","background-type":"","background-media":"","overlay-type":"","overlay-color":"","overlay-opacity":"","overlay-gradient":""}},"ast-content-background-meta":{"desktop":{"background-color":"var(--ast-global-color-5)","background-image":"","background-repeat":"repeat","background-position":"center center","background-size":"auto","background-attachment":"scroll","background-type":"","background-media":"","overlay-type":"","overlay-color":"","overlay-opacity":"","overlay-gradient":""},"tablet":{"background-color":"var(--ast-global-color-5)","background-image":"","background-repeat":"repeat","background-position":"center center","background-size":"auto","background-attachment":"scroll","background-type":"","background-media":"","overlay-type":"","overlay-color":"","overlay-opacity":"","overlay-gradient":""},"mobile":{"background-color":"var(--ast-global-color-5)","background-image":"","background-repeat":"repeat","background-position":"center center","background-size":"auto","background-attachment":"scroll","background-type":"","background-media":"","overlay-type":"","overlay-color":"","overlay-opacity":"","overlay-gradient":""}}},"product_brand":[],"product_cat":[25],"product_tag":[],"class_list":{"0":"post-2544","1":"product","2":"type-product","3":"status-publish","4":"has-post-thumbnail","6":"product_cat-maskid","7":"desktop-align-left","8":"tablet-align-left","9":"mobile-align-left","11":"first","12":"instock","13":"shipping-taxable","14":"purchasable","15":"product-type-simple"},"_links":{"self":[{"href":"https:\/\/www.skinful.ee\/index.php?rest_route=\/wp\/v2\/product\/2544","targetHints":{"allow":["GET"]}}],"collection":[{"href":"https:\/\/www.skinful.ee\/index.php?rest_route=\/wp\/v2\/product"}],"about":[{"href":"https:\/\/www.skinful.ee\/index.php?rest_route=\/wp\/v2\/types\/product"}],"replies":[{"embeddable":true,"href":"https:\/\/www.skinful.ee\/index.php?rest_route=%2Fwp%2Fv2%2Fcomments&post=2544"}],"wp:featuredmedia":[{"embeddable":true,"href":"https:\/\/www.skinful.ee\/index.php?rest_route=\/wp\/v2\/media\/2545"}],"wp:attachment":[{"href":"https:\/\/www.skinful.ee\/index.php?rest_route=%2Fwp%2Fv2%2Fmedia&parent=2544"}],"wp:term":[{"taxonomy":"product_brand","embeddable":true,"href":"https:\/\/www.skinful.ee\/index.php?rest_route=%2Fwp%2Fv2%2Fproduct_brand&post=2544"},{"taxonomy":"product_cat","embeddable":true,"href":"https:\/\/www.skinful.ee\/index.php?rest_route=%2Fwp%2Fv2%2Fproduct_cat&post=2544"},{"taxonomy":"product_tag","embeddable":true,"href":"https:\/\/www.skinful.ee\/index.php?rest_route=%2Fwp%2Fv2%2Fproduct_tag&post=2544"}],"curies":[{"name":"wp","href":"https:\/\/api.w.org\/{rel}","templated":true}]}}