{"id":2549,"date":"2025-08-22T20:14:26","date_gmt":"2025-08-22T20:14:26","guid":{"rendered":"https:\/\/www.skinful.ee\/?post_type=product&#038;p=2549"},"modified":"2026-02-13T13:00:26","modified_gmt":"2026-02-13T13:00:26","slug":"snp-real-active-hydrating-ampoule-mask-1tk","status":"publish","type":"product","link":"https:\/\/www.skinful.ee\/?product=snp-real-active-hydrating-ampoule-mask-1tk","title":{"rendered":"SNP Real Active Hydrating Ampoule Mask 1tk"},"content":{"rendered":"<p>Kasutamine: Kanna n\u00e4omask puhtale nahale 10-15 minutiks ning lase sellel m\u00f5juda, seej\u00e4rel patsuta seerumi \u00fclej\u00e4\u00e4k imendumiseni. Sobib kasutamiseks nii p\u00e4eval, kui ka \u00f5htul!<\/p>\n<p>&nbsp;<\/p>\n<p>Koostisosad: Purified water, glycerin, butylene glycol, polysorbate 80, chlorphenesin, hydroxyethyl cellulose, arginine, carbomer, betaine, ethylhexylglycerin, disodium EDTA, fragrance, goldenrod nest extract, 1,2-hexanediol, green tea extract, hamamelis virginiana bark\/leaf\/twig extract, centella asiatica extract, trehalose, panthenol, ceramide NP, caprylic\/capric triglyceride, sodium hyaluronate, chamomile flower extract, squalane, ectoine, hydrogenated lecithin, polyglyceryl-2 stearate, pentylene glycol, glyceryl stearate, stearyl alcohol, dipropylene glycol, hydroxyacetophenone, Lactobacillus ferment lysate, hydrolyzed goldenrod nest extract, caprylyl glycol, sodium hyaluronate crosspolymer, hydrolyzed sodium hyaluronate, hydrolyzed hyaluronic acid, hyaluronic acid.<\/p>\n","protected":false},"excerpt":{"rendered":"<p>H\u00fcaluroonhapetega rikastatud <strong>SNP Real Active Hydrating Ampoule<\/strong> n\u00e4omask tagab intensiivse niisutuse ning annab nahale terve ja kauni s\u00e4ra. Sisaldab eksklusiivseid SNP naha kaitsebarj\u00e4\u00e4ri tugevdavaid koostisosasid &#8211;<strong><em> Biome Bird&#8217;s Nest (TM).<\/em><\/strong><\/p>\n<p>Peamised toimivad koostisosad:<\/p>\n<p><em><strong>Pantenool <\/strong><\/em>&#8211; provitamiin B5 niisutab ja rahustab punetavat ning kuiva n\u00e4onahka. Toetab naha loomulikku taastumisprotsessi ning muudab naha pehmeks ja elastseks.<\/p>\n<p><em><strong>Ektoiin <\/strong><\/em>&#8211; kaitseb nahka keskkonna kahjulike m\u00f5jude eest, n\u00e4iteks saaste, p\u00e4ike ja muud v\u00e4lised \u00e4rritused. Leevendab naha punetust, \u00e4rritust ja kuivust.<\/p>\n<p><em><strong>Trehaloos<\/strong><\/em> &#8211; \u00a0tugev ja niisutav oks\u00fcdant, mis aitab kaitsta naharakke, naha niiskust ja s\u00e4ilitab naha elastsuse.<\/p>\n","protected":false},"featured_media":2552,"comment_status":"open","ping_status":"closed","template":"","meta":{"site-sidebar-layout":"default","site-content-layout":"","ast-site-content-layout":"default","site-content-style":"default","site-sidebar-style":"default","ast-global-header-display":"","ast-banner-title-visibility":"","ast-main-header-display":"","ast-hfb-above-header-display":"","ast-hfb-below-header-display":"","ast-hfb-mobile-header-display":"","site-post-title":"","ast-breadcrumbs-content":"","ast-featured-img":"","footer-sml-layout":"","theme-transparent-header-meta":"default","adv-header-id-meta":"","stick-header-meta":"","header-above-stick-meta":"","header-main-stick-meta":"","header-below-stick-meta":"","astra-migrate-meta-layouts":"set","ast-page-background-enabled":"default","ast-page-background-meta":{"desktop":{"background-color":"var(--ast-global-color-4)","background-image":"","background-repeat":"repeat","background-position":"center center","background-size":"auto","background-attachment":"scroll","background-type":"","background-media":"","overlay-type":"","overlay-color":"","overlay-opacity":"","overlay-gradient":""},"tablet":{"background-color":"","background-image":"","background-repeat":"repeat","background-position":"center center","background-size":"auto","background-attachment":"scroll","background-type":"","background-media":"","overlay-type":"","overlay-color":"","overlay-opacity":"","overlay-gradient":""},"mobile":{"background-color":"","background-image":"","background-repeat":"repeat","background-position":"center center","background-size":"auto","background-attachment":"scroll","background-type":"","background-media":"","overlay-type":"","overlay-color":"","overlay-opacity":"","overlay-gradient":""}},"ast-content-background-meta":{"desktop":{"background-color":"var(--ast-global-color-5)","background-image":"","background-repeat":"repeat","background-position":"center center","background-size":"auto","background-attachment":"scroll","background-type":"","background-media":"","overlay-type":"","overlay-color":"","overlay-opacity":"","overlay-gradient":""},"tablet":{"background-color":"var(--ast-global-color-5)","background-image":"","background-repeat":"repeat","background-position":"center center","background-size":"auto","background-attachment":"scroll","background-type":"","background-media":"","overlay-type":"","overlay-color":"","overlay-opacity":"","overlay-gradient":""},"mobile":{"background-color":"var(--ast-global-color-5)","background-image":"","background-repeat":"repeat","background-position":"center center","background-size":"auto","background-attachment":"scroll","background-type":"","background-media":"","overlay-type":"","overlay-color":"","overlay-opacity":"","overlay-gradient":""}}},"product_brand":[],"product_cat":[25],"product_tag":[],"class_list":{"0":"post-2549","1":"product","2":"type-product","3":"status-publish","4":"has-post-thumbnail","6":"product_cat-maskid","7":"desktop-align-left","8":"tablet-align-left","9":"mobile-align-left","11":"first","12":"instock","13":"shipping-taxable","14":"purchasable","15":"product-type-simple"},"_links":{"self":[{"href":"https:\/\/www.skinful.ee\/index.php?rest_route=\/wp\/v2\/product\/2549","targetHints":{"allow":["GET"]}}],"collection":[{"href":"https:\/\/www.skinful.ee\/index.php?rest_route=\/wp\/v2\/product"}],"about":[{"href":"https:\/\/www.skinful.ee\/index.php?rest_route=\/wp\/v2\/types\/product"}],"replies":[{"embeddable":true,"href":"https:\/\/www.skinful.ee\/index.php?rest_route=%2Fwp%2Fv2%2Fcomments&post=2549"}],"wp:featuredmedia":[{"embeddable":true,"href":"https:\/\/www.skinful.ee\/index.php?rest_route=\/wp\/v2\/media\/2552"}],"wp:attachment":[{"href":"https:\/\/www.skinful.ee\/index.php?rest_route=%2Fwp%2Fv2%2Fmedia&parent=2549"}],"wp:term":[{"taxonomy":"product_brand","embeddable":true,"href":"https:\/\/www.skinful.ee\/index.php?rest_route=%2Fwp%2Fv2%2Fproduct_brand&post=2549"},{"taxonomy":"product_cat","embeddable":true,"href":"https:\/\/www.skinful.ee\/index.php?rest_route=%2Fwp%2Fv2%2Fproduct_cat&post=2549"},{"taxonomy":"product_tag","embeddable":true,"href":"https:\/\/www.skinful.ee\/index.php?rest_route=%2Fwp%2Fv2%2Fproduct_tag&post=2549"}],"curies":[{"name":"wp","href":"https:\/\/api.w.org\/{rel}","templated":true}]}}