{"id":2579,"date":"2025-11-10T13:49:34","date_gmt":"2025-11-10T13:49:34","guid":{"rendered":"https:\/\/www.skinful.ee\/?post_type=product&#038;p=2579"},"modified":"2026-03-08T16:10:07","modified_gmt":"2026-03-08T16:10:07","slug":"haruharu-wonder-black-rice-5-ceramide-barrier-naokreem-50ml","status":"publish","type":"product","link":"https:\/\/www.skinful.ee\/?product=haruharu-wonder-black-rice-5-ceramide-barrier-naokreem-50ml","title":{"rendered":"Haruharu Wonder Black rice 5 ceramide barrier n\u00e4okreem 50ml"},"content":{"rendered":"<p>Kasutamine: Peale tooniku ja seerumi kasutamist, kandke v\u00e4ike kogus kreemi n\u00e4ole ja kaelale, masseerige \u00f5rnalt v\u00f5i patsutage s\u00f5rmeotstega, kuni keraamiidikapslid on t\u00e4ielikult sulanud ja imendunud.<\/p>\n<p>Koostisosad: Water, Glycerin, Butylene Glycol, Caprylic\/Capric Triglyceride, Dicaprylyl Carbonate, 1,2-Hexanediol, Ceramide NP(10,105ppm), Sodium Acrylate\/Sodium Acryloyldimethyl Taurate Copolymer, Cetearyl Olivate, Polyisobutene, Hydrogenated Lecithin, Polyglyceryl-3 Distearate, Sorbitan Olivate, Cetearyl Alcohol, Carbomer, Arginine, Mannitol, Stearic Acid, Arachidyl Alcohol, Allantoin, Xanthan Gum, Behenyl Alcohol, Ethylhexylglycerin, Sorbitan Oleate, Caprylyl\/Capryl Glucoside, Arachidyl Glucoside, Glyceryl Stearate Citrate, Hydrogenated Olive Oil Decyl Esters, Oryza Sativa (Rice) Extract(200ppm), Phyllostachys Pubescens Shoot Bark Extract, Disodium EDTA, Aspergillus Ferment, Hydrogenated Olive Oil Stearyl Esters, Ceramide NS(15ppm), Phytosphingosine, Cholesterol, Oryza Sativa (Rice) Lees Extract(10ppm), Panax Ginseng Root Extract, Tocopherol, Ceramide AS(5ppm), Ceramide AP(5ppm), Cyclodextrin, Ceramide EOP(0.01ppm)<\/p>\n","protected":false},"excerpt":{"rendered":"<p>Naha kaitsebarj\u00e4\u00e4ri taastamiseks ja tugevdamiseks loodud Haruharu Wonder musta riisi ja viie keramiidiga rikastatud intensiivne n\u00e4okreem sobib igap\u00e4evaseks n\u00e4ohoolduseks, muutes naha pehmeks ja siledaks.<\/p>\n<p>&nbsp;<\/p>\n<h5>Peamised toimeained<strong>:<\/strong><\/h5>\n<ul>\n<li><strong>Viie keraamiidi kompleks<\/strong> \u2013 tugevdab naha barj\u00e4\u00e4ri, aitab s\u00e4ilitada niiskust ja muudab naha elastseks ja siledaks.<\/li>\n<li><strong>Fermenteeritud musta riisi ekstrakt<\/strong> \u2013 v\u00f5imas antioks\u00fcdant, mis aitab \u00fchtlustada jumet ja parandab naha elastsust.<\/li>\n<li><strong>Riisikliide ekstrakt <\/strong>\u2013 toidab, rahustab \u00e4rritusi, \u00fchtlustab naha tooni ja tekstuuri.<\/li>\n<li><strong>Vitamiin E <\/strong>(tokoferool) \u2013 kaitseb vabade radikaalide eest ja rahustab nahka.<\/li>\n<li><strong>Allantoiin<\/strong> \u2013 pehmendab, rahustab ja soodustab naha paranemist ning p\u00f5letike v\u00e4henemist.<\/li>\n<\/ul>\n","protected":false},"featured_media":2580,"comment_status":"open","ping_status":"closed","template":"","meta":{"site-sidebar-layout":"default","site-content-layout":"","ast-site-content-layout":"default","site-content-style":"default","site-sidebar-style":"default","ast-global-header-display":"","ast-banner-title-visibility":"","ast-main-header-display":"","ast-hfb-above-header-display":"","ast-hfb-below-header-display":"","ast-hfb-mobile-header-display":"","site-post-title":"","ast-breadcrumbs-content":"","ast-featured-img":"","footer-sml-layout":"","theme-transparent-header-meta":"default","adv-header-id-meta":"","stick-header-meta":"","header-above-stick-meta":"","header-main-stick-meta":"","header-below-stick-meta":"","astra-migrate-meta-layouts":"set","ast-page-background-enabled":"default","ast-page-background-meta":{"desktop":{"background-color":"var(--ast-global-color-4)","background-image":"","background-repeat":"repeat","background-position":"center center","background-size":"auto","background-attachment":"scroll","background-type":"","background-media":"","overlay-type":"","overlay-color":"","overlay-opacity":"","overlay-gradient":""},"tablet":{"background-color":"","background-image":"","background-repeat":"repeat","background-position":"center center","background-size":"auto","background-attachment":"scroll","background-type":"","background-media":"","overlay-type":"","overlay-color":"","overlay-opacity":"","overlay-gradient":""},"mobile":{"background-color":"","background-image":"","background-repeat":"repeat","background-position":"center center","background-size":"auto","background-attachment":"scroll","background-type":"","background-media":"","overlay-type":"","overlay-color":"","overlay-opacity":"","overlay-gradient":""}},"ast-content-background-meta":{"desktop":{"background-color":"var(--ast-global-color-5)","background-image":"","background-repeat":"repeat","background-position":"center center","background-size":"auto","background-attachment":"scroll","background-type":"","background-media":"","overlay-type":"","overlay-color":"","overlay-opacity":"","overlay-gradient":""},"tablet":{"background-color":"var(--ast-global-color-5)","background-image":"","background-repeat":"repeat","background-position":"center center","background-size":"auto","background-attachment":"scroll","background-type":"","background-media":"","overlay-type":"","overlay-color":"","overlay-opacity":"","overlay-gradient":""},"mobile":{"background-color":"var(--ast-global-color-5)","background-image":"","background-repeat":"repeat","background-position":"center center","background-size":"auto","background-attachment":"scroll","background-type":"","background-media":"","overlay-type":"","overlay-color":"","overlay-opacity":"","overlay-gradient":""}}},"product_brand":[],"product_cat":[24],"product_tag":[],"class_list":{"0":"post-2579","1":"product","2":"type-product","3":"status-publish","4":"has-post-thumbnail","6":"product_cat-kreemid","7":"desktop-align-left","8":"tablet-align-left","9":"mobile-align-left","11":"first","12":"instock","13":"shipping-taxable","14":"purchasable","15":"product-type-simple"},"_links":{"self":[{"href":"https:\/\/www.skinful.ee\/index.php?rest_route=\/wp\/v2\/product\/2579","targetHints":{"allow":["GET"]}}],"collection":[{"href":"https:\/\/www.skinful.ee\/index.php?rest_route=\/wp\/v2\/product"}],"about":[{"href":"https:\/\/www.skinful.ee\/index.php?rest_route=\/wp\/v2\/types\/product"}],"replies":[{"embeddable":true,"href":"https:\/\/www.skinful.ee\/index.php?rest_route=%2Fwp%2Fv2%2Fcomments&post=2579"}],"wp:featuredmedia":[{"embeddable":true,"href":"https:\/\/www.skinful.ee\/index.php?rest_route=\/wp\/v2\/media\/2580"}],"wp:attachment":[{"href":"https:\/\/www.skinful.ee\/index.php?rest_route=%2Fwp%2Fv2%2Fmedia&parent=2579"}],"wp:term":[{"taxonomy":"product_brand","embeddable":true,"href":"https:\/\/www.skinful.ee\/index.php?rest_route=%2Fwp%2Fv2%2Fproduct_brand&post=2579"},{"taxonomy":"product_cat","embeddable":true,"href":"https:\/\/www.skinful.ee\/index.php?rest_route=%2Fwp%2Fv2%2Fproduct_cat&post=2579"},{"taxonomy":"product_tag","embeddable":true,"href":"https:\/\/www.skinful.ee\/index.php?rest_route=%2Fwp%2Fv2%2Fproduct_tag&post=2579"}],"curies":[{"name":"wp","href":"https:\/\/api.w.org\/{rel}","templated":true}]}}