{"id":2591,"date":"2025-11-10T13:58:15","date_gmt":"2025-11-10T13:58:15","guid":{"rendered":"https:\/\/www.skinful.ee\/?post_type=product&#038;p=2591"},"modified":"2026-02-13T13:00:27","modified_gmt":"2026-02-13T13:00:27","slug":"vt-cosmetics-pdrn-capsule-naokreem-50ml","status":"publish","type":"product","link":"https:\/\/www.skinful.ee\/?product=vt-cosmetics-pdrn-capsule-naokreem-50ml","title":{"rendered":"Vt Cosmetics PDRN capsule n\u00e4okreem 50ml"},"content":{"rendered":"<p>Kasutamine:Kanna v\u00e4ike kogus kreemi puhastatud ja kuivale nahal, masseeri \u00f5rnalt nahale ja tupsuta kergelt, et parandada imendumist.<\/p>\n<p>&nbsp;<\/p>\n<p>Koostisosad: Water, Glycerin, Caprylic\/Capric Triglyceride, Glycereth-26, Dipropylene Glycol, Niacinamide, 1,2-Hexanediol, Panthenol, Butyrospermum Parkii (Shea) Butter, Squalane, Glyceryl Glucoside, Carbomer, Arginine, Polyglyceryl-2 Stearate, C13-15 Alkane, Arachidyl Alcohol, Ammonium Acryloyldimethyl Taurate\/VP Copolymer, Glyceryl Stearate, Psidium Guajava (Sega kapsel ja geel sobivas vahekorras vastavalt oma nahat\u00fc\u00fcbile: kergema tunde jaoks kasuta rohkem geeli, suurema niisutuse ja elastsuse saavutamiseks aga rohkem kapslit.Guava) Leaf Extract, Cetearyl Alcohol, Stearyl Alcohol, Psidium Guajava Flower Extract, Behenyl Alcohol, C12-16 Alcohol, Arachidyl Glucoside, Tromethamine, Coccinia Indica Fruit Extract, Adenosine, Dimethicone\/Vinyl Dimethicone Crosspolymer, Pentaerythrityl Tetra-Di-T-Butyl Hydroxyhydrocinnamate, Palmitic Acid, Hydrogenated Lecithin, Solanum Melongena (Eggplant) Fruit Extract, Xanthan Gum, Cucurbita Pepo (Pumpkin) Powder, Curcuma Longa (Turmeric) Root Extract, Ocimum Sanctum Leaf Extract, Aloe Barbadensis Flower Extract, Corallina Officinalis Extract, Moringa Oleifera Seed Oil, Simmondsia Chinensis (Jojoba) Seed Oil, Butylene Glycol, Glucose, Panax Ginseng Root Extract, Sodium DNA, Dimethylsilanol Hyaluronate, Hydrolyzed Hyaluronic Acid, Hydrolyzed Sodium Hyaluronate, Sodium Hyaluronate, Potassium Hyaluronate, Hyaluronic Acid, Ceramide NP, Sodium Hyaluronate Crosspolymer, Hydroxypropyltrimonium Hyaluronate, Sodium Hyaluronate Dimethylsilanol, Sodium Acetylated Hyaluronate, Polyglyceryl-10 Laurate, Tripeptide-1, Acetyl Tetrapeptide-2, Acetyl Tetrapeptide-5, Copper Tripeptide-1, Palmitoyl Tripeptide-1, Palmitoyl Pentapeptide-4, Hexapeptide-11, Hexapeptide-9, Palmitoyl Tripeptide-5, Ethylhexylglycerin<\/p>\n","protected":false},"excerpt":{"rendered":"<p><strong data-start=\"206\" data-end=\"235\">VT PDRN Capsule Cream 100<\/strong> on intensiivselt niisutav n\u00e4okreem, mis sisaldab <strong data-start=\"281\" data-end=\"318\">100 000 ppm taimset PHYTO PDRN\u00ae-i <\/strong>\u00a0\u017een\u0161ennist. See uuenduslik kapslikreem taastab naha eluj\u00f5u, parandab elastsust, silub peeneid jooni ning muudab jume \u00fchtlasemaks ja s\u00e4ravamaks. Kerge geel-kreemi tekstuur sulab nahal hetkega, pakkudes s\u00fcgavat niisutust ja tugevdades samal ajal naha kaitsebarj\u00e4\u00e4ri.<\/p>\n<p>&nbsp;<\/p>\n<h5 data-start=\"606\" data-end=\"630\"><strong>Peamised eelised:<\/strong><\/h5>\n<ul data-start=\"632\" data-end=\"1096\">\n<li data-start=\"632\" data-end=\"715\"><strong data-start=\"634\" data-end=\"667\">T\u00f5stab naha elastsust ja s\u00e4ra<\/strong> t\u00e4nu k\u00f5rgele PHYTO PDRN\u00ae kontsentratsioonile.<\/li>\n<li data-start=\"716\" data-end=\"811\"><strong data-start=\"718\" data-end=\"747\">Tugevdab naha kaitsekihti<\/strong> keramiidide abil, aidates s\u00e4ilitada optimaalset niiskustaset.<\/li>\n<li data-start=\"812\" data-end=\"916\"><strong data-start=\"814\" data-end=\"838\">Pikaajaline niisutus<\/strong> t\u00e4nu 10 erinevale h\u00fcaluroonhappe t\u00fc\u00fcbile, mis toimivad mitmel nahatasandil.<\/li>\n<li data-start=\"917\" data-end=\"999\"><strong data-start=\"919\" data-end=\"955\">Kerge, kiiresti imenduv tekstuur<\/strong> sobib ideaalselt igap\u00e4evaseks hoolduseks.<\/li>\n<li data-start=\"1000\" data-end=\"1096\"><strong data-start=\"1002\" data-end=\"1050\">Elustab tuhmi, v\u00e4sinud ja kuivapoolset nahka<\/strong>, aidates v\u00e4hendada varajasi vananemism\u00e4rke.<\/li>\n<\/ul>\n<p>&nbsp;<\/p>\n<h5 data-start=\"1103\" data-end=\"1130\"><strong data-start=\"1107\" data-end=\"1130\">Peamised toimeained:<\/strong><\/h5>\n<ul data-start=\"1132\" data-end=\"1502\">\n<li data-start=\"1132\" data-end=\"1301\">\n<p data-start=\"1134\" data-end=\"1301\"><strong data-start=\"1134\" data-end=\"1174\">PHYTO PDRN\u00ae (Panax PDRN 100 000 ppm)<\/strong> \u2013 taimne DNA-kompleks Korea \u017een\u0161ennist, mis toetab naha loomulikku taastumist, parandab elastsust ja lisab nooruslikku s\u00e4ra.<\/p>\n<\/li>\n<li data-start=\"1302\" data-end=\"1387\">\n<p data-start=\"1304\" data-end=\"1387\"><strong data-start=\"1304\" data-end=\"1318\">Keramiidid<\/strong> \u2013 tugevdavad naha kaitsebarj\u00e4\u00e4ri ja aitavad v\u00e4ltida niiskuse kadu.<\/p>\n<\/li>\n<li data-start=\"1388\" data-end=\"1502\">\n<p data-start=\"1390\" data-end=\"1502\"><strong data-start=\"1390\" data-end=\"1417\">10 t\u00fc\u00fcpi h\u00fcaluroonhapet<\/strong> \u2013 tagavad s\u00fcgava ja pikaajalise niisutuse, j\u00e4ttes naha t\u00e4idlasemaks ja pringimaks<\/p>\n<\/li>\n<\/ul>\n<p>N\u00e4okreem sobib suurep\u00e4raselt kuivale, v\u00e4sinud ja elastsust kaotanud nahale, pakkudes sellele s\u00fcgavat hooldust ja n\u00e4htavat elavdamist. \u00d5rn, kuid t\u00f5hus koostis sobib k\u00f5ikidele nahat\u00fc\u00fcpidele, sealhulgas tundlikule nahale, aidates muuta naha s\u00e4ravamaks, pringimaks ja nooruslikult klaariks.<\/p>\n","protected":false},"featured_media":2583,"comment_status":"open","ping_status":"closed","template":"","meta":{"site-sidebar-layout":"default","site-content-layout":"","ast-site-content-layout":"default","site-content-style":"default","site-sidebar-style":"default","ast-global-header-display":"","ast-banner-title-visibility":"","ast-main-header-display":"","ast-hfb-above-header-display":"","ast-hfb-below-header-display":"","ast-hfb-mobile-header-display":"","site-post-title":"","ast-breadcrumbs-content":"","ast-featured-img":"","footer-sml-layout":"","theme-transparent-header-meta":"default","adv-header-id-meta":"","stick-header-meta":"","header-above-stick-meta":"","header-main-stick-meta":"","header-below-stick-meta":"","astra-migrate-meta-layouts":"set","ast-page-background-enabled":"default","ast-page-background-meta":{"desktop":{"background-color":"var(--ast-global-color-4)","background-image":"","background-repeat":"repeat","background-position":"center center","background-size":"auto","background-attachment":"scroll","background-type":"","background-media":"","overlay-type":"","overlay-color":"","overlay-opacity":"","overlay-gradient":""},"tablet":{"background-color":"","background-image":"","background-repeat":"repeat","background-position":"center center","background-size":"auto","background-attachment":"scroll","background-type":"","background-media":"","overlay-type":"","overlay-color":"","overlay-opacity":"","overlay-gradient":""},"mobile":{"background-color":"","background-image":"","background-repeat":"repeat","background-position":"center center","background-size":"auto","background-attachment":"scroll","background-type":"","background-media":"","overlay-type":"","overlay-color":"","overlay-opacity":"","overlay-gradient":""}},"ast-content-background-meta":{"desktop":{"background-color":"var(--ast-global-color-5)","background-image":"","background-repeat":"repeat","background-position":"center center","background-size":"auto","background-attachment":"scroll","background-type":"","background-media":"","overlay-type":"","overlay-color":"","overlay-opacity":"","overlay-gradient":""},"tablet":{"background-color":"var(--ast-global-color-5)","background-image":"","background-repeat":"repeat","background-position":"center center","background-size":"auto","background-attachment":"scroll","background-type":"","background-media":"","overlay-type":"","overlay-color":"","overlay-opacity":"","overlay-gradient":""},"mobile":{"background-color":"var(--ast-global-color-5)","background-image":"","background-repeat":"repeat","background-position":"center center","background-size":"auto","background-attachment":"scroll","background-type":"","background-media":"","overlay-type":"","overlay-color":"","overlay-opacity":"","overlay-gradient":""}}},"product_brand":[],"product_cat":[24],"product_tag":[],"class_list":{"0":"post-2591","1":"product","2":"type-product","3":"status-publish","4":"has-post-thumbnail","6":"product_cat-kreemid","7":"desktop-align-left","8":"tablet-align-left","9":"mobile-align-left","11":"first","12":"instock","13":"shipping-taxable","14":"purchasable","15":"product-type-simple"},"_links":{"self":[{"href":"https:\/\/www.skinful.ee\/index.php?rest_route=\/wp\/v2\/product\/2591","targetHints":{"allow":["GET"]}}],"collection":[{"href":"https:\/\/www.skinful.ee\/index.php?rest_route=\/wp\/v2\/product"}],"about":[{"href":"https:\/\/www.skinful.ee\/index.php?rest_route=\/wp\/v2\/types\/product"}],"replies":[{"embeddable":true,"href":"https:\/\/www.skinful.ee\/index.php?rest_route=%2Fwp%2Fv2%2Fcomments&post=2591"}],"wp:featuredmedia":[{"embeddable":true,"href":"https:\/\/www.skinful.ee\/index.php?rest_route=\/wp\/v2\/media\/2583"}],"wp:attachment":[{"href":"https:\/\/www.skinful.ee\/index.php?rest_route=%2Fwp%2Fv2%2Fmedia&parent=2591"}],"wp:term":[{"taxonomy":"product_brand","embeddable":true,"href":"https:\/\/www.skinful.ee\/index.php?rest_route=%2Fwp%2Fv2%2Fproduct_brand&post=2591"},{"taxonomy":"product_cat","embeddable":true,"href":"https:\/\/www.skinful.ee\/index.php?rest_route=%2Fwp%2Fv2%2Fproduct_cat&post=2591"},{"taxonomy":"product_tag","embeddable":true,"href":"https:\/\/www.skinful.ee\/index.php?rest_route=%2Fwp%2Fv2%2Fproduct_tag&post=2591"}],"curies":[{"name":"wp","href":"https:\/\/api.w.org\/{rel}","templated":true}]}}