{"id":2593,"date":"2025-11-10T14:13:08","date_gmt":"2025-11-10T14:13:08","guid":{"rendered":"https:\/\/www.skinful.ee\/?post_type=product&#038;p=2593"},"modified":"2025-11-30T22:27:47","modified_gmt":"2025-11-30T22:27:47","slug":"skin1004-madagascar-centella-kinkekomplekt","status":"publish","type":"product","link":"https:\/\/www.skinful.ee\/?product=skin1004-madagascar-centella-kinkekomplekt","title":{"rendered":"SKIN1004 Madagascar Centella kinkekomplekt"},"content":{"rendered":"<p>Kasutamine: Eemaldage meik Madagascar Centella Light Cleansing Oil puhastus\u00f5liga: kandke \u00f5li kuivale nahale, emulgeerige veega ja loputage maha. Seej\u00e4rel peske n\u00e4gu kasutades Madagascar Centella Ampoule Foam puhastusvahtu, seej\u00e4rel kandke nahale Madagascar Centella Toning Toner toonikut. P\u00e4rast tooniku imendumist kasutage kontsentreeritud Madagascar Centella Ampoule seerumi ja viimistlege hooldus niisutava Madagascar Centella Soothing Cream kreemiga.<\/p>\n<p>&nbsp;<\/p>\n<p>Koostisosad: Centella Ampoule Foam: Centella Asiatica Extract (33%), Sodium Cocoyl Isethionate, Glycerin, Water, Sodium Methyl Cocoyl Taurate, Coco-Betaine, Potassium Cocoyl Glycinate, 1,2-Hexanediol, Sodium Chloride, Potassium Cocoate, Potassium Benzoate, Polyquaternium-67, Citric Acid, Dextrin, Sodium Bicarbonate, Theobroma Cacao (Cocoa) Extract, Disodium EDTA, Sodium Acetate, Butylene Glycol, Coptis Chinensis Root Extract, Sodium Hyaluronate, Eclipta Prostrata Extract, Coccinia Indica Fruit Extract. Centella Toning Toner: Centella Asiatica Extract (84%), Water, Dipropylene Glycol, 1,2-Hexanediol, Niacinamide, Gluconolactone, Tromethamine, Carbomer, Sodium Citrate, Adenosine, Disodium EDTA, Dipotassium Glycyrrhizate, Betaine, Hyaluronic Acid, Ethylhexylglycerin. Centella Ampoule: Centella Asiatica Extract (100%). Centella Soothing Cream: Centella Asiatica Extract (72%), Glycerin, Propanediol, Dipropylene Glycol, Cyclomethicone, Water, 1,2-Hexanediol, Trehalose, Caprylyl Methicone, C12-14 Pareth-12, Carbomer, Tromethamine, Ammonium Acryloyldimethyltaurate\/VP Copolymer, C30-45 Alkyl Cetearyl Dimethicone Crosspolymer, Xanthan Gum, Mentha Piperita (Peppermint) Leaf Extract, Zingiber Officinale (Ginger) Root Extract, Butylene Glycol, Ethylhexylglycerin, Dipotassium Glycyrrhizate, Tranexamic Acid, Coptis Chinensis Root Extract, Theobroma Cacao (Cocoa) Extract, Dextrin, Leuconostoc\/Radish Root Ferment Filtrate, Biosaccharide Gum-1, Disodium EDTA, Sodium Hyaluronate, Beta-Glucan, Ceramide EOP, Ceramide NS, Ceramide NP, Ceramide AP, Phytosphingosine, Hydrogenated Lecithin, Cetearyl Alcohol, Stearic Acid, Cholesterol. Centella Light Cleansing Oil: Ethylhexyl Stearate, Cetyl Ethylhexanoate, Sorbeth-30 Tetraoleate, Centella Asiatica Extract (10,000ppm), Helianthus Annuus (Sunflower) Seed Oil, Citrus Aurantium Bergamia (Bergamot) Fruit Oil, Olea Europaea (Olive) Fruit Oil, Simmondsia Chinensis (Jojoba) Seed Oil, Ethylhexylglycerin, Pelargonium Graveolens Flower Oil, Rosa Damascena Flower Oil, Limonene, Linalool.<\/p>\n","protected":false},"excerpt":{"rendered":"<p data-start=\"310\" data-end=\"656\"><strong data-start=\"310\" data-end=\"353\">SKIN1004 Madagascar Centella Travel Kit<\/strong> on t\u00e4iuslik viis tutvuda \u00a0<strong data-start=\"390\" data-end=\"413\">Madagascar Centella <\/strong>nahahooldussarjaga, mis on tuntud oma rahustava ja taastava toime poolest. Komplekt sisaldab viit reisisuuruses toodet \u2013 puhastus\u00f5li, puhastusvahtu, toonikut, seerumit ja kreemi \u2013 pakkudes t\u00e4ielikku nahahooldusrutiini ka kodust eemal olles.<strong> Sobib ideaalselt j\u00f5uluks kingikotti!<\/strong><\/p>\n<p data-start=\"658\" data-end=\"959\">K\u00f5ik sarja tooted sisaldavad <strong data-start=\"687\" data-end=\"761\">k\u00f5rge kontsentratsiooniga Aasia vesinaba (Centella Asiatica) ekstrakti<\/strong>, mis on saadud \u00f6koloogiliselt puhtast Madagaskari piirkonnast. Kompaktne <strong data-start=\"971\" data-end=\"985\">Travel Kit<\/strong> on ideaalne reisikaaslane, mis v\u00f5imaldab kogeda SKIN1004 legendaarseid hitte ja nautida t\u00e4ielikku hooldust igal ajal ja igas kohas.<\/p>\n<p data-start=\"1126\" data-end=\"1153\"><strong data-start=\"1131\" data-end=\"1153\">Komplekt sisaldab:<\/strong><\/p>\n<p data-start=\"1155\" data-end=\"1517\"><strong data-start=\"1155\" data-end=\"1218\">1. SKIN1004 Madagascar Centella Light Cleansing Oil (30 ml)<\/strong><br data-start=\"1218\" data-end=\"1221\" \/>\u00d5rn, kuid t\u00f5hus puhastus\u00f5li eemaldab ka veekindla meigi ja mustuse, puhastades poorid ilma nahka kuivatamata. Emulgeerub kiiresti ja tagab v\u00e4rske, sileda tulemuse. Sisaldab 10% Aasia vesinaba ekstrakti, p\u00e4evalille-, oliivi-, jojoobi- ja Damaskuse roosi\u00f5lisid, mis toidavad ja pehmendavad nahka.<\/p>\n<p data-start=\"1519\" data-end=\"1826\"><strong data-start=\"1519\" data-end=\"1575\">2. SKIN1004 Madagascar Centella Ampoule Foam (20 ml)<\/strong><br data-start=\"1575\" data-end=\"1578\" \/>\u00d5rn vahupuhastus, mis eemaldab pooridest mustuse, surnud naharakud ja liigse rasu, s\u00e4ilitades samal ajal naha niiskustasakaalu. 30% Aasia vesinaba ekstrakti ja kookosp\u00f5hised puhastavad ained tagavad pehme, rahustava tulemuse ilma kiskuva tundeta.<\/p>\n<p data-start=\"1828\" data-end=\"2160\"><strong data-start=\"1828\" data-end=\"1884\">3. SKIN1004 Madagascar Centella Toning Toner (30 ml)<\/strong><br data-start=\"1884\" data-end=\"1887\" \/>Kerge toonik, mis rahustab, pehmendab ja \u00fchtlustab nahatekstuuri, eemaldades \u00f5rnalt sarvestunud rakud ja rasuj\u00e4\u00e4gid. Koostis sisaldab 84% Aasia vesinaba ekstrakti, niatsiinamiidi, PHA-hapet, adenosiini ja h\u00fcaluroonhapet, mis aitavad parandada jumet ja taastada naha s\u00e4ra.<\/p>\n<p data-start=\"2162\" data-end=\"2532\"><strong data-start=\"2162\" data-end=\"2213\">4. SKIN1004 Madagascar Centella Ampoule (30 ml)<\/strong><br data-start=\"2213\" data-end=\"2216\" \/>Nahka s\u00fcgavuti rahustav ja taastav seerum, mis tugevdab veresooni, v\u00e4hendab punetust ning toetab naha kaitsebarj\u00e4\u00e4ri. 100% Madagaskari Aasia vesinaba ekstraktist valmistatud koostis sisaldab 7 korda rohkem asiatikosiidi, mis soodustab kollageeni tootmist, parandab elastsust ja tasakaalustab naha niiskustasakaalu.<\/p>\n<p data-start=\"2534\" data-end=\"2807\"><strong data-start=\"2534\" data-end=\"2592\">5. SKIN1004 Madagascar Centella Soothing Cream (30 ml)<\/strong><br data-start=\"2592\" data-end=\"2595\" \/>Kerge, niisutav kreem, mis v\u00e4hendab \u00e4rritust ja punetust, pehmendab ning toetab naha loomulikku taastumisprotsessi. Tugevdab h\u00fcdrolipiidkihti, aidates s\u00e4ilitada naha niiskust ja mugavustunnet kogu p\u00e4eva v\u00e4ltel.<\/p>\n<p data-start=\"2534\" data-end=\"2807\">\n","protected":false},"featured_media":2589,"comment_status":"open","ping_status":"closed","template":"","meta":{"site-sidebar-layout":"default","site-content-layout":"","ast-site-content-layout":"default","site-content-style":"default","site-sidebar-style":"default","ast-global-header-display":"","ast-banner-title-visibility":"","ast-main-header-display":"","ast-hfb-above-header-display":"","ast-hfb-below-header-display":"","ast-hfb-mobile-header-display":"","site-post-title":"","ast-breadcrumbs-content":"","ast-featured-img":"","footer-sml-layout":"","theme-transparent-header-meta":"default","adv-header-id-meta":"","stick-header-meta":"","header-above-stick-meta":"","header-main-stick-meta":"","header-below-stick-meta":"","astra-migrate-meta-layouts":"set","ast-page-background-enabled":"default","ast-page-background-meta":{"desktop":{"background-color":"var(--ast-global-color-4)","background-image":"","background-repeat":"repeat","background-position":"center center","background-size":"auto","background-attachment":"scroll","background-type":"","background-media":"","overlay-type":"","overlay-color":"","overlay-opacity":"","overlay-gradient":""},"tablet":{"background-color":"","background-image":"","background-repeat":"repeat","background-position":"center center","background-size":"auto","background-attachment":"scroll","background-type":"","background-media":"","overlay-type":"","overlay-color":"","overlay-opacity":"","overlay-gradient":""},"mobile":{"background-color":"","background-image":"","background-repeat":"repeat","background-position":"center center","background-size":"auto","background-attachment":"scroll","background-type":"","background-media":"","overlay-type":"","overlay-color":"","overlay-opacity":"","overlay-gradient":""}},"ast-content-background-meta":{"desktop":{"background-color":"var(--ast-global-color-5)","background-image":"","background-repeat":"repeat","background-position":"center center","background-size":"auto","background-attachment":"scroll","background-type":"","background-media":"","overlay-type":"","overlay-color":"","overlay-opacity":"","overlay-gradient":""},"tablet":{"background-color":"var(--ast-global-color-5)","background-image":"","background-repeat":"repeat","background-position":"center center","background-size":"auto","background-attachment":"scroll","background-type":"","background-media":"","overlay-type":"","overlay-color":"","overlay-opacity":"","overlay-gradient":""},"mobile":{"background-color":"var(--ast-global-color-5)","background-image":"","background-repeat":"repeat","background-position":"center center","background-size":"auto","background-attachment":"scroll","background-type":"","background-media":"","overlay-type":"","overlay-color":"","overlay-opacity":"","overlay-gradient":""}}},"product_brand":[],"product_cat":[39],"product_tag":[],"class_list":{"0":"post-2593","1":"product","2":"type-product","3":"status-publish","4":"has-post-thumbnail","6":"product_cat-komplektid","7":"desktop-align-left","8":"tablet-align-left","9":"mobile-align-left","11":"first","12":"instock","13":"shipping-taxable","14":"purchasable","15":"product-type-simple"},"_links":{"self":[{"href":"https:\/\/www.skinful.ee\/index.php?rest_route=\/wp\/v2\/product\/2593","targetHints":{"allow":["GET"]}}],"collection":[{"href":"https:\/\/www.skinful.ee\/index.php?rest_route=\/wp\/v2\/product"}],"about":[{"href":"https:\/\/www.skinful.ee\/index.php?rest_route=\/wp\/v2\/types\/product"}],"replies":[{"embeddable":true,"href":"https:\/\/www.skinful.ee\/index.php?rest_route=%2Fwp%2Fv2%2Fcomments&post=2593"}],"wp:featuredmedia":[{"embeddable":true,"href":"https:\/\/www.skinful.ee\/index.php?rest_route=\/wp\/v2\/media\/2589"}],"wp:attachment":[{"href":"https:\/\/www.skinful.ee\/index.php?rest_route=%2Fwp%2Fv2%2Fmedia&parent=2593"}],"wp:term":[{"taxonomy":"product_brand","embeddable":true,"href":"https:\/\/www.skinful.ee\/index.php?rest_route=%2Fwp%2Fv2%2Fproduct_brand&post=2593"},{"taxonomy":"product_cat","embeddable":true,"href":"https:\/\/www.skinful.ee\/index.php?rest_route=%2Fwp%2Fv2%2Fproduct_cat&post=2593"},{"taxonomy":"product_tag","embeddable":true,"href":"https:\/\/www.skinful.ee\/index.php?rest_route=%2Fwp%2Fv2%2Fproduct_tag&post=2593"}],"curies":[{"name":"wp","href":"https:\/\/api.w.org\/{rel}","templated":true}]}}