{"id":2600,"date":"2025-11-12T08:19:44","date_gmt":"2025-11-12T08:19:44","guid":{"rendered":"https:\/\/www.skinful.ee\/?post_type=product&#038;p=2600"},"modified":"2026-03-07T11:07:05","modified_gmt":"2026-03-07T11:07:05","slug":"snp-real-active-brightening-ampoule-mask-1tk","status":"publish","type":"product","link":"https:\/\/www.skinful.ee\/?product=snp-real-active-brightening-ampoule-mask-1tk","title":{"rendered":"SNP Real Active Brightening Ampoule Mask 1tk"},"content":{"rendered":"<p>Kasutamine: Kanna n\u00e4omask puhtale nahale 10-15 minutiks ning lase sellel m\u00f5juda, seej\u00e4rel patsuta seerumi \u00fclej\u00e4\u00e4k imendumiseni. Sobib kasutamiseks nii p\u00e4eval, kui ka \u00f5htul!<\/p>\n<p>&nbsp;<\/p>\n<p>Koostisosad: Purified water, methylpropanediol, butylene glycol, glycerin, niacinamide, 1,2-hexanediol, hydroxyacetophenone, carbomer, panthenol, tromethamine, PEG-60 hydrogenated castor oil, hydroxyethyl acrylate\/sodium acryloyldimethyl taurate copolymer, xanthan gum, disodium EDTA, allantoin, sorbitan isostearate, fragrance, pentylene glycol, hydrogenated goldenrod nest extract, lactobacillus ferment lysate, lemon extract, lime extract, arbutin, ethylhexylglycerin, glutathione, ascorbic acid<\/p>\n","protected":false},"excerpt":{"rendered":"<p data-start=\"0\" data-end=\"85\">\u00a0Anna oma nahale tagasi selle s\u00e4ra ja v\u00e4rskus koos <strong data-start=\"115\" data-end=\"162\">SNP Real Active Brightening Ampoule Maskiga<\/strong> \u2013 vegan-sertifikaadiga lehtmask, mis on rikastatud <strong data-start=\"218\" data-end=\"243\">99% puhta glutatiooni<\/strong> ja <strong data-start=\"247\" data-end=\"267\">niatsiinamiidiga<\/strong>. Need t\u00f5husad koostisosad aitavad \u00fchtlustada nahatooni, v\u00e4hendada tuhmust ning tuua esile loomulikku s\u00e4ra ja elastsust. Mask on immutatud \u00fche pudeli jagu toitva essentsiga, mis imendub s\u00fcgavale t\u00e4nu mikroaugulisele kangale, tagades maksimaalse niisutuse ja toiteainete omastamise ilma kleepuva tundeta.<\/p>\n<p><strong>Peamised koostisosad ja eelised:<\/strong><\/p>\n<ul data-start=\"629\" data-end=\"1174\">\n<li data-start=\"629\" data-end=\"782\">\n<p data-start=\"631\" data-end=\"782\"><strong data-start=\"631\" data-end=\"672\">99% puhas glutatioon ja niatsiinamiid<\/strong> \u2013 aitavad v\u00e4hendada tumedaid laike ja eba\u00fchtlast nahatooni, muutes naha n\u00e4htavalt heledamaks ja klaarimaks.<\/p>\n<\/li>\n<li data-start=\"783\" data-end=\"908\">\n<p data-start=\"785\" data-end=\"908\"><strong data-start=\"785\" data-end=\"826\">C-vitamiin, sidruni- ja laimiekstrakt<\/strong> \u2013 elavdavad v\u00e4sinud nahka, parandavad jumet ja annavad v\u00e4rske, s\u00e4rava tulemuse.<\/p>\n<\/li>\n<li data-start=\"909\" data-end=\"1071\">\n<p data-start=\"911\" data-end=\"1071\"><strong data-start=\"911\" data-end=\"953\">Eksklusiivne BIOME BIRD\u2019S NEST FORMULA<\/strong> \u2013 tugevdab naha kaitsebarj\u00e4\u00e4ri, parandades vastupanuv\u00f5imet keskkonnam\u00f5judele ja toetades nooruslikku v\u00e4ljan\u00e4gemist.<\/p>\n<\/li>\n<li data-start=\"1072\" data-end=\"1174\">\n<p data-start=\"1074\" data-end=\"1174\"><strong data-start=\"1074\" data-end=\"1099\">S\u00fcgavniisutav essents<\/strong> \u2013 imendub kiiresti ja tagab naha sileduse, pehmuse ning tervisliku s\u00e4ra.<\/p>\n<\/li>\n<\/ul>\n<p data-start=\"1176\" data-end=\"1363\">Sobib k\u00f5ikidele nahat\u00fc\u00fcpidele, eriti tuhmi ja eba\u00fchtlase jumega nahale, andes nahale kohese v\u00e4rske ja tervisliku s\u00e4ra!<\/p>\n","protected":false},"featured_media":2601,"comment_status":"open","ping_status":"closed","template":"","meta":{"site-sidebar-layout":"default","site-content-layout":"","ast-site-content-layout":"default","site-content-style":"default","site-sidebar-style":"default","ast-global-header-display":"","ast-banner-title-visibility":"","ast-main-header-display":"","ast-hfb-above-header-display":"","ast-hfb-below-header-display":"","ast-hfb-mobile-header-display":"","site-post-title":"","ast-breadcrumbs-content":"","ast-featured-img":"","footer-sml-layout":"","theme-transparent-header-meta":"default","adv-header-id-meta":"","stick-header-meta":"","header-above-stick-meta":"","header-main-stick-meta":"","header-below-stick-meta":"","astra-migrate-meta-layouts":"set","ast-page-background-enabled":"default","ast-page-background-meta":{"desktop":{"background-color":"var(--ast-global-color-4)","background-image":"","background-repeat":"repeat","background-position":"center center","background-size":"auto","background-attachment":"scroll","background-type":"","background-media":"","overlay-type":"","overlay-color":"","overlay-opacity":"","overlay-gradient":""},"tablet":{"background-color":"","background-image":"","background-repeat":"repeat","background-position":"center center","background-size":"auto","background-attachment":"scroll","background-type":"","background-media":"","overlay-type":"","overlay-color":"","overlay-opacity":"","overlay-gradient":""},"mobile":{"background-color":"","background-image":"","background-repeat":"repeat","background-position":"center center","background-size":"auto","background-attachment":"scroll","background-type":"","background-media":"","overlay-type":"","overlay-color":"","overlay-opacity":"","overlay-gradient":""}},"ast-content-background-meta":{"desktop":{"background-color":"var(--ast-global-color-5)","background-image":"","background-repeat":"repeat","background-position":"center center","background-size":"auto","background-attachment":"scroll","background-type":"","background-media":"","overlay-type":"","overlay-color":"","overlay-opacity":"","overlay-gradient":""},"tablet":{"background-color":"var(--ast-global-color-5)","background-image":"","background-repeat":"repeat","background-position":"center center","background-size":"auto","background-attachment":"scroll","background-type":"","background-media":"","overlay-type":"","overlay-color":"","overlay-opacity":"","overlay-gradient":""},"mobile":{"background-color":"var(--ast-global-color-5)","background-image":"","background-repeat":"repeat","background-position":"center center","background-size":"auto","background-attachment":"scroll","background-type":"","background-media":"","overlay-type":"","overlay-color":"","overlay-opacity":"","overlay-gradient":""}}},"product_brand":[],"product_cat":[25],"product_tag":[],"class_list":{"0":"post-2600","1":"product","2":"type-product","3":"status-publish","4":"has-post-thumbnail","6":"product_cat-maskid","7":"desktop-align-left","8":"tablet-align-left","9":"mobile-align-left","11":"first","12":"instock","13":"shipping-taxable","14":"purchasable","15":"product-type-simple"},"_links":{"self":[{"href":"https:\/\/www.skinful.ee\/index.php?rest_route=\/wp\/v2\/product\/2600","targetHints":{"allow":["GET"]}}],"collection":[{"href":"https:\/\/www.skinful.ee\/index.php?rest_route=\/wp\/v2\/product"}],"about":[{"href":"https:\/\/www.skinful.ee\/index.php?rest_route=\/wp\/v2\/types\/product"}],"replies":[{"embeddable":true,"href":"https:\/\/www.skinful.ee\/index.php?rest_route=%2Fwp%2Fv2%2Fcomments&post=2600"}],"wp:featuredmedia":[{"embeddable":true,"href":"https:\/\/www.skinful.ee\/index.php?rest_route=\/wp\/v2\/media\/2601"}],"wp:attachment":[{"href":"https:\/\/www.skinful.ee\/index.php?rest_route=%2Fwp%2Fv2%2Fmedia&parent=2600"}],"wp:term":[{"taxonomy":"product_brand","embeddable":true,"href":"https:\/\/www.skinful.ee\/index.php?rest_route=%2Fwp%2Fv2%2Fproduct_brand&post=2600"},{"taxonomy":"product_cat","embeddable":true,"href":"https:\/\/www.skinful.ee\/index.php?rest_route=%2Fwp%2Fv2%2Fproduct_cat&post=2600"},{"taxonomy":"product_tag","embeddable":true,"href":"https:\/\/www.skinful.ee\/index.php?rest_route=%2Fwp%2Fv2%2Fproduct_tag&post=2600"}],"curies":[{"name":"wp","href":"https:\/\/api.w.org\/{rel}","templated":true}]}}