{"id":2604,"date":"2025-11-12T08:42:10","date_gmt":"2025-11-12T08:42:10","guid":{"rendered":"https:\/\/www.skinful.ee\/?post_type=product&#038;p=2604"},"modified":"2026-03-23T10:06:45","modified_gmt":"2026-03-23T10:06:45","slug":"numbuzin-no-2-water-collagen-65-voluming-mask-1tk","status":"publish","type":"product","link":"https:\/\/www.skinful.ee\/?product=numbuzin-no-2-water-collagen-65-voluming-mask-1tk","title":{"rendered":"Numbuzin &#8211; No. 2 Water Collagen 65% Voluming Mask 1tk"},"content":{"rendered":"<p>Kasutamine: Aseta mask puhtale n\u00e4ole, hoia 10\u201320 minutit ning masseeri \u00fclej\u00e4\u00e4nud essents \u00f5rnalt nahka.<\/p>\n<p>&nbsp;<\/p>\n<p>Koostisosad: Collagen Extract(65%), Water, Glycerin, Dipropylene Glycol, 1,2-Hexanediol, Butylene Glycol, Niacinamide, Dimethicone, PEG-240\/HDI Copolymer Bis-Decyltetradeceth-20 Ether, Ammonium Acryloyldimethyltaurate\/VP Copolymer, Hydroxyethylcellulose, Cetearyl Olivate, Sorbitan Olivate, Ethylhexylglycerin, Adenosine, Collagen, Melia Azadirachta Flower Extract, Coccinia Indica Fruit Extract, Melia Azadirachta Leaf Extract, Solanum Melongena (Eggplant) Fruit Extract, Propanediol, Aloe Barbadensis Flower Extract, Curcuma Longa (Turmeric) Root Extract, Corallina Officinalis Extract, Ocimum Sanctum Leaf Extract, Pearl Powder, Hydrolyzed Elastin, Hydrogenated Polyisobutene, Benzyl Glycol, Hydrolyzed Glycosamino glycans, Sodium Hyaluronate, Hibiscus Sabdariffa Flower Extract, Pearl Extract, Rosa Canina Fruit Extract, Hydrolyzed Conchiolin Protein, Sodium Hyaluronate Crosspolymer, Hydrolyzed Hyaluronic Acid, Hydroxypropyltrimonium Hyaluronate, Glutathione, Hyaluronic Acid, Copper Tripeptide-1, Anemarrhena Asphodeloides Root Extract, Sodium Acetylated Hyaluronate, Tocopherol, Disodium EDTA, Fragrance<\/p>\n","protected":false},"excerpt":{"rendered":"<p data-start=\"98\" data-end=\"413\">Koge luksuslikku hooldust kodustes tingimustes <strong data-start=\"145\" data-end=\"204\">Numbuzin No.2 Water Collagen 65% Voluming Sheet Maskiga<\/strong> \u2013 intensiivselt niisutav ja pinguldav lehtmask, mis sisaldab 65% madalmolekulaarset kollageeni. See aitab parandada naha elastsust, muuta naha pringimaks ning taastada noorusliku v\u00e4limuse. Maski koostises sisalduv niatsiinamiid, adenosiin ja peptiidid, mis v\u00e4hendavad peeneid jooni ja kortsukesi, \u00fchtlustavad nahatooni ning annavad nahale siledama ja pinguldatuma ilme. P\u00e4rlipulber, p\u00e4rliekstrakt, glutatioon ja konhiooliinlisavad nahale erakordset s\u00e4ra ja v\u00e4rskust.<\/p>\n<p data-start=\"940\" data-end=\"963\"><strong data-start=\"940\" data-end=\"961\">Peamised eelised:<\/strong><\/p>\n<ul data-start=\"964\" data-end=\"1255\">\n<li data-start=\"964\" data-end=\"1034\">\n<p data-start=\"966\" data-end=\"1034\">65% madalmolekulaarne kollageen taastab naha tugevuse ja elastsuse<\/p>\n<\/li>\n<li data-start=\"1035\" data-end=\"1115\">\n<p data-start=\"1037\" data-end=\"1115\">Niatsiinamiid, adenosiin ja peptiidid v\u00e4hendavad kortse ja pinguldavad nahka<\/p>\n<\/li>\n<li data-start=\"1116\" data-end=\"1183\">\n<p data-start=\"1118\" data-end=\"1183\">P\u00e4rliekstrakt ja glutatioon annavad nahale s\u00e4rava, \u00fchtlase jume<\/p>\n<\/li>\n<li data-start=\"1184\" data-end=\"1255\">\n<p data-start=\"1186\" data-end=\"1255\">H\u00fcaluroonhape ja elastiin tagavad s\u00fcgavniisutuse ja sileda tulemuse<\/p>\n<\/li>\n<\/ul>\n","protected":false},"featured_media":2605,"comment_status":"open","ping_status":"closed","template":"","meta":{"site-sidebar-layout":"default","site-content-layout":"","ast-site-content-layout":"default","site-content-style":"default","site-sidebar-style":"default","ast-global-header-display":"","ast-banner-title-visibility":"","ast-main-header-display":"","ast-hfb-above-header-display":"","ast-hfb-below-header-display":"","ast-hfb-mobile-header-display":"","site-post-title":"","ast-breadcrumbs-content":"","ast-featured-img":"","footer-sml-layout":"","theme-transparent-header-meta":"default","adv-header-id-meta":"","stick-header-meta":"","header-above-stick-meta":"","header-main-stick-meta":"","header-below-stick-meta":"","astra-migrate-meta-layouts":"set","ast-page-background-enabled":"default","ast-page-background-meta":{"desktop":{"background-color":"var(--ast-global-color-4)","background-image":"","background-repeat":"repeat","background-position":"center center","background-size":"auto","background-attachment":"scroll","background-type":"","background-media":"","overlay-type":"","overlay-color":"","overlay-opacity":"","overlay-gradient":""},"tablet":{"background-color":"","background-image":"","background-repeat":"repeat","background-position":"center center","background-size":"auto","background-attachment":"scroll","background-type":"","background-media":"","overlay-type":"","overlay-color":"","overlay-opacity":"","overlay-gradient":""},"mobile":{"background-color":"","background-image":"","background-repeat":"repeat","background-position":"center center","background-size":"auto","background-attachment":"scroll","background-type":"","background-media":"","overlay-type":"","overlay-color":"","overlay-opacity":"","overlay-gradient":""}},"ast-content-background-meta":{"desktop":{"background-color":"var(--ast-global-color-5)","background-image":"","background-repeat":"repeat","background-position":"center center","background-size":"auto","background-attachment":"scroll","background-type":"","background-media":"","overlay-type":"","overlay-color":"","overlay-opacity":"","overlay-gradient":""},"tablet":{"background-color":"var(--ast-global-color-5)","background-image":"","background-repeat":"repeat","background-position":"center center","background-size":"auto","background-attachment":"scroll","background-type":"","background-media":"","overlay-type":"","overlay-color":"","overlay-opacity":"","overlay-gradient":""},"mobile":{"background-color":"var(--ast-global-color-5)","background-image":"","background-repeat":"repeat","background-position":"center center","background-size":"auto","background-attachment":"scroll","background-type":"","background-media":"","overlay-type":"","overlay-color":"","overlay-opacity":"","overlay-gradient":""}}},"product_brand":[],"product_cat":[25],"product_tag":[],"class_list":{"0":"post-2604","1":"product","2":"type-product","3":"status-publish","4":"has-post-thumbnail","6":"product_cat-maskid","7":"desktop-align-left","8":"tablet-align-left","9":"mobile-align-left","11":"first","12":"instock","13":"shipping-taxable","14":"purchasable","15":"product-type-simple"},"_links":{"self":[{"href":"https:\/\/www.skinful.ee\/index.php?rest_route=\/wp\/v2\/product\/2604","targetHints":{"allow":["GET"]}}],"collection":[{"href":"https:\/\/www.skinful.ee\/index.php?rest_route=\/wp\/v2\/product"}],"about":[{"href":"https:\/\/www.skinful.ee\/index.php?rest_route=\/wp\/v2\/types\/product"}],"replies":[{"embeddable":true,"href":"https:\/\/www.skinful.ee\/index.php?rest_route=%2Fwp%2Fv2%2Fcomments&post=2604"}],"wp:featuredmedia":[{"embeddable":true,"href":"https:\/\/www.skinful.ee\/index.php?rest_route=\/wp\/v2\/media\/2605"}],"wp:attachment":[{"href":"https:\/\/www.skinful.ee\/index.php?rest_route=%2Fwp%2Fv2%2Fmedia&parent=2604"}],"wp:term":[{"taxonomy":"product_brand","embeddable":true,"href":"https:\/\/www.skinful.ee\/index.php?rest_route=%2Fwp%2Fv2%2Fproduct_brand&post=2604"},{"taxonomy":"product_cat","embeddable":true,"href":"https:\/\/www.skinful.ee\/index.php?rest_route=%2Fwp%2Fv2%2Fproduct_cat&post=2604"},{"taxonomy":"product_tag","embeddable":true,"href":"https:\/\/www.skinful.ee\/index.php?rest_route=%2Fwp%2Fv2%2Fproduct_tag&post=2604"}],"curies":[{"name":"wp","href":"https:\/\/api.w.org\/{rel}","templated":true}]}}